{"id":196,"date":"2025-04-16T16:18:40","date_gmt":"2025-04-16T14:18:40","guid":{"rendered":"https:\/\/pot-en-ciel.eu\/?page_id=196"},"modified":"2025-06-11T18:13:22","modified_gmt":"2025-06-11T16:13:22","slug":"nos-cibles","status":"publish","type":"page","link":"https:\/\/pot-en-ciel.eu\/index.php\/nos-cibles\/","title":{"rendered":"CIBLES"},"content":{"rendered":"\n<style>\n  .cibles-section {\n    background-color: #ffffff;\n    padding: 4rem 2rem;\n    color: #000;\n    font-family: sans-serif;\n    text-align: center;\n  }\n\n  .cibles-grid {\n    display: flex;\n    flex-wrap: wrap;\n    justify-content: center;\n    gap: 2rem;\n  }\n\n  .cible-block {\n    flex: 1 1 200px;\n    max-width: 220px;\n    text-align: center;\n  }\n\n  .cible-block img {\n    height: 40px;\n    margin-bottom: 1rem;\n  }\n\n  .cible-block h3 {\n    font-size: 1.1rem;\n    font-weight: bold;\n    margin-bottom: 0.5rem;\n    color: #000;\n  }\n\n  .cible-block p {\n    font-size: 0.95rem;\n    color: #333;\n  }\n\n  @media (max-width: 768px) {\n    .cibles-grid {\n      flex-direction: column;\n      align-items: center;\n    }\n  }\n<\/style>\n\n<!-- Image d\u00e9corative -->\n<img decoding=\"async\" src=\"https:\/\/pot-en-ciel.eu\/wp-content\/uploads\/2025\/04\/Circus.png\" alt=\"Arc-en-ciel et tentes\" style=\"width: 100%; display: block;\">\n\n<section style=\"padding: 60px 20px; background-color: #fff; font-family: 'Comic Sans MS', 'Segoe UI', sans-serif; text-align: center;\">\n  <h2 style=\"color: #ff5b8a; font-size: 36px; margin-bottom: 50px;\">\n    NOS CIBLES \u00ab Particulier \u00bb\n  <\/h2>\n\n  <div style=\"display: flex; flex-wrap: wrap; justify-content: center; gap: 40px;\">\n\n    <!-- Bloc 1 -->\n    <div style=\"flex: 1; min-width: 250px; max-width: 300px;\">\n      <div style=\"font-size: 40px; color: #7f4af1; margin-bottom: 10px;\">\ud83d\udca1<\/div>\n      <h3 style=\"font-size: 20px; font-weight: bold; margin-bottom: 10px; color: #333;\">\n        Haut potentiel ou multi potentiel\n      <\/h3>\n      <p style=\"color: #444; font-size: 16px; line-height: 1.5;\">\n        Avec ou sans TDAH, celles qui se sentent parfois \u201ctrop\u201d ou \u201cpas assez\u201d,<br>\n        celles qui ont \u201c1000 id\u00e9es \u00e0 l\u2019heure\u201d.\n      <\/p>\n    <\/div>\n\n    <!-- Bloc 2 -->\n    <div style=\"flex: 1; min-width: 250px; max-width: 300px;\">\n      <div style=\"font-size: 40px; color: #7f4af1; margin-bottom: 10px;\">\ud83e\udded<\/div>\n      <h3 style=\"font-size: 20px; font-weight: bold; margin-bottom: 10px; color: #333;\">\n        Avec D\u00e9sir de changement\n      <\/h3>\n      <p style=\"color: #444; font-size: 16px; line-height: 1.5;\">\n        Sortir du cadre classique et connu,<br>\n        pr\u00eats \u00e0 explorer et \u00e0 se r\u00e9inventer.\n      <\/p>\n    <\/div>\n\n    <!-- Bloc 3 -->\n    <div style=\"flex: 1; min-width: 250px; max-width: 300px;\">\n      <div style=\"font-size: 40px; color: #7f4af1; margin-bottom: 10px;\">\ud83d\ude0a<\/div>\n      <h3 style=\"font-size: 20px; font-weight: bold; margin-bottom: 10px; color: #333;\">\n        En Recherche de joie\n      <\/h3>\n      <p style=\"color: #444; font-size: 16px; line-height: 1.5;\">\n        Rire, l\u00e9g\u00e8ret\u00e9 et joie dans leur parcours.\n      <\/p>\n    <\/div>\n\n    <!-- Bloc 4 -->\n    <div style=\"flex: 1; min-width: 250px; max-width: 300px;\">\n      <div style=\"font-size: 40px; color: #7f4af1; margin-bottom: 10px;\">\ud83d\udc9c<\/div>\n      <h3 style=\"font-size: 20px; font-weight: bold; margin-bottom: 10px; color: #333;\">\n        Pour Donner du sens\n      <\/h3>\n      <p style=\"color: #444; font-size: 16px; line-height: 1.5;\">\n        Align\u00e9s avec leurs valeurs et leurs potentiels profonds.\n      <\/p>\n    <\/div>\n\n  <\/div>\n<\/section>\n\n\n\n\n<section style=\"padding: 60px 20px; background-color: #fff; font-family: 'Comic Sans MS', 'Segoe UI', sans-serif; text-align: center;\">\n  <h2 style=\"color: #ff5b8a; font-size: 36px; margin-bottom: 50px;\">\n    NOS CIBLES \u00ab Entreprises \u00bb avec les D\u00e9sirs:\n  <\/h2>\n\n  <div style=\"display: flex; flex-wrap: wrap; justify-content: center; gap: 40px;\">\n\n    <!-- Bloc 1 -->\n    <div style=\"flex: 1; min-width: 250px; max-width: 300px;\">\n      <div style=\"font-size: 40px; color: #7f4af1; margin-bottom: 10px;\">\ud83d\udca1<\/div>\n      <h3 style=\"font-size: 20px; font-weight: bold; margin-bottom: 10px; color: #333;\">\n        De redonner du potentiel\n      <\/h3>\n      <p style=\"color: #444; font-size: 16px; line-height: 1.5;\">\n        Pour lib\u00e9rer et maximiser le potentiel des collaborateurs,<br>\n        favoriser la performance collective et individuelle\n      <\/p>\n    <\/div>\n\n    <!-- Bloc 2 -->\n    <div style=\"flex: 1; min-width: 250px; max-width: 300px;\">\n      <div style=\"font-size: 40px; color: #7f4af1; margin-bottom: 10px;\">\ud83e\udded<\/div>\n      <h3 style=\"font-size: 20px; font-weight: bold; margin-bottom: 10px; color: #333;\">\n        De Changement innovant\n      <\/h3>\n      <p style=\"color: #444; font-size: 16px; line-height: 1.5;\">\n        Pour cr\u00e9er, innover et impulser des transformations positives<br>\n        et durables par vos \u00e9quipes engag\u00e9es\n      <\/p>\n    <\/div>\n\n    <!-- Bloc 3 -->\n    <div style=\"flex: 1; min-width: 250px; max-width: 300px;\">\n      <div style=\"font-size: 40px; color: #7f4af1; margin-bottom: 10px;\">\ud83d\udc9c<\/div>\n      <h3 style=\"font-size: 20px; font-weight: bold; margin-bottom: 10px; color: #333;\">\n        D\u2019une ambiance motivante\n      <\/h3>\n      <p style=\"color: #444; font-size: 16px; line-height: 1.5;\">\n        Pour favoriser des environnements de travail stimulants et harmonieux<br>\n        o\u00f9 les collaborateurs sont valoris\u00e9s, inspir\u00e9s\n      <\/p>\n    <\/div>\n\n  <\/div>\n<\/section>\n\n","protected":false},"excerpt":{"rendered":"<p>NOS CIBLES \u00ab Particulier \u00bb \ud83d\udca1 Haut potentiel ou multi potentiel Avec ou sans TDAH, celles qui se sentent parfois \u201ctrop\u201d ou \u201cpas assez\u201d, celles qui ont \u201c1000 id\u00e9es \u00e0 l\u2019heure\u201d. \ud83e\udded Avec D\u00e9sir de changement Sortir du cadre classique et connu, pr\u00eats \u00e0 explorer et \u00e0 se r\u00e9inventer. \ud83d\ude0a En Recherche de joie Rire, [&hellip;]<\/p>\n","protected":false},"author":3,"featured_media":0,"parent":0,"menu_order":0,"comment_status":"closed","ping_status":"closed","template":"","meta":{"_themeisle_gutenberg_block_has_review":false,"footnotes":""},"class_list":["post-196","page","type-page","status-publish","hentry"],"yoast_head":"<!-- This site is optimized with the Yoast SEO plugin v26.3 - https:\/\/yoast.com\/wordpress\/plugins\/seo\/ -->\n<title>CIBLES -<\/title>\n<meta name=\"robots\" content=\"index, follow, max-snippet:-1, max-image-preview:large, max-video-preview:-1\" \/>\n<link rel=\"canonical\" href=\"https:\/\/pot-en-ciel.eu\/index.php\/nos-cibles\/\" \/>\n<meta property=\"og:locale\" content=\"fr_FR\" \/>\n<meta property=\"og:type\" content=\"article\" \/>\n<meta property=\"og:title\" content=\"CIBLES -\" \/>\n<meta property=\"og:description\" content=\"NOS CIBLES \u00ab Particulier \u00bb \ud83d\udca1 Haut potentiel ou multi potentiel Avec ou sans TDAH, celles qui se sentent parfois \u201ctrop\u201d ou \u201cpas assez\u201d, celles qui ont \u201c1000 id\u00e9es \u00e0 l\u2019heure\u201d. \ud83e\udded Avec D\u00e9sir de changement Sortir du cadre classique et connu, pr\u00eats \u00e0 explorer et \u00e0 se r\u00e9inventer. \ud83d\ude0a En Recherche de joie Rire, [&hellip;]\" \/>\n<meta property=\"og:url\" content=\"https:\/\/pot-en-ciel.eu\/index.php\/nos-cibles\/\" \/>\n<meta property=\"article:publisher\" content=\"https:\/\/www.facebook.com\/pot.enciel.338#\" \/>\n<meta property=\"article:modified_time\" content=\"2025-06-11T16:13:22+00:00\" \/>\n<meta property=\"og:image\" content=\"https:\/\/pot-en-ciel.eu\/wp-content\/uploads\/2025\/04\/Circus.png\" \/>\n<meta name=\"twitter:card\" content=\"summary_large_image\" \/>\n<meta name=\"twitter:label1\" content=\"Dur\u00e9e de lecture estim\u00e9e\" \/>\n\t<meta name=\"twitter:data1\" content=\"1 minute\" \/>\n<script type=\"application\/ld+json\" class=\"yoast-schema-graph\">{\"@context\":\"https:\/\/schema.org\",\"@graph\":[{\"@type\":\"WebPage\",\"@id\":\"https:\/\/pot-en-ciel.eu\/index.php\/nos-cibles\/\",\"url\":\"https:\/\/pot-en-ciel.eu\/index.php\/nos-cibles\/\",\"name\":\"CIBLES -\",\"isPartOf\":{\"@id\":\"https:\/\/pot-en-ciel.eu\/#website\"},\"primaryImageOfPage\":{\"@id\":\"https:\/\/pot-en-ciel.eu\/index.php\/nos-cibles\/#primaryimage\"},\"image\":{\"@id\":\"https:\/\/pot-en-ciel.eu\/index.php\/nos-cibles\/#primaryimage\"},\"thumbnailUrl\":\"https:\/\/pot-en-ciel.eu\/wp-content\/uploads\/2025\/04\/Circus.png\",\"datePublished\":\"2025-04-16T14:18:40+00:00\",\"dateModified\":\"2025-06-11T16:13:22+00:00\",\"breadcrumb\":{\"@id\":\"https:\/\/pot-en-ciel.eu\/index.php\/nos-cibles\/#breadcrumb\"},\"inLanguage\":\"fr-FR\",\"potentialAction\":[{\"@type\":\"ReadAction\",\"target\":[\"https:\/\/pot-en-ciel.eu\/index.php\/nos-cibles\/\"]}]},{\"@type\":\"ImageObject\",\"inLanguage\":\"fr-FR\",\"@id\":\"https:\/\/pot-en-ciel.eu\/index.php\/nos-cibles\/#primaryimage\",\"url\":\"https:\/\/pot-en-ciel.eu\/wp-content\/uploads\/2025\/04\/Circus.png\",\"contentUrl\":\"https:\/\/pot-en-ciel.eu\/wp-content\/uploads\/2025\/04\/Circus.png\",\"width\":2400,\"height\":458},{\"@type\":\"BreadcrumbList\",\"@id\":\"https:\/\/pot-en-ciel.eu\/index.php\/nos-cibles\/#breadcrumb\",\"itemListElement\":[{\"@type\":\"ListItem\",\"position\":1,\"name\":\"Accueil\",\"item\":\"https:\/\/pot-en-ciel.eu\/\"},{\"@type\":\"ListItem\",\"position\":2,\"name\":\"CIBLES\"}]},{\"@type\":\"WebSite\",\"@id\":\"https:\/\/pot-en-ciel.eu\/#website\",\"url\":\"https:\/\/pot-en-ciel.eu\/\",\"name\":\"Pot-en-ciel\",\"description\":\"Lib\u00e9rez Votre Potentiel\",\"publisher\":{\"@id\":\"https:\/\/pot-en-ciel.eu\/#organization\"},\"potentialAction\":[{\"@type\":\"SearchAction\",\"target\":{\"@type\":\"EntryPoint\",\"urlTemplate\":\"https:\/\/pot-en-ciel.eu\/?s={search_term_string}\"},\"query-input\":{\"@type\":\"PropertyValueSpecification\",\"valueRequired\":true,\"valueName\":\"search_term_string\"}}],\"inLanguage\":\"fr-FR\"},{\"@type\":\"Organization\",\"@id\":\"https:\/\/pot-en-ciel.eu\/#organization\",\"name\":\"Pot-en-ciel\",\"url\":\"https:\/\/pot-en-ciel.eu\/\",\"logo\":{\"@type\":\"ImageObject\",\"inLanguage\":\"fr-FR\",\"@id\":\"https:\/\/pot-en-ciel.eu\/#\/schema\/logo\/image\/\",\"url\":\"https:\/\/pot-en-ciel.eu\/wp-content\/uploads\/2025\/04\/cropped-cropped-Potenciel1_2_3_4.jpeg\",\"contentUrl\":\"https:\/\/pot-en-ciel.eu\/wp-content\/uploads\/2025\/04\/cropped-cropped-Potenciel1_2_3_4.jpeg\",\"width\":240,\"height\":115,\"caption\":\"Pot-en-ciel\"},\"image\":{\"@id\":\"https:\/\/pot-en-ciel.eu\/#\/schema\/logo\/image\/\"},\"sameAs\":[\"https:\/\/www.facebook.com\/pot.enciel.338#\",\"https:\/\/www.linkedin.com\/company\/pot-en-ciel-association\/\"]}]}<\/script>\n<!-- \/ Yoast SEO plugin. -->","yoast_head_json":{"title":"CIBLES -","robots":{"index":"index","follow":"follow","max-snippet":"max-snippet:-1","max-image-preview":"max-image-preview:large","max-video-preview":"max-video-preview:-1"},"canonical":"https:\/\/pot-en-ciel.eu\/index.php\/nos-cibles\/","og_locale":"fr_FR","og_type":"article","og_title":"CIBLES -","og_description":"NOS CIBLES \u00ab Particulier \u00bb \ud83d\udca1 Haut potentiel ou multi potentiel Avec ou sans TDAH, celles qui se sentent parfois \u201ctrop\u201d ou \u201cpas assez\u201d, celles qui ont \u201c1000 id\u00e9es \u00e0 l\u2019heure\u201d. \ud83e\udded Avec D\u00e9sir de changement Sortir du cadre classique et connu, pr\u00eats \u00e0 explorer et \u00e0 se r\u00e9inventer. \ud83d\ude0a En Recherche de joie Rire, [&hellip;]","og_url":"https:\/\/pot-en-ciel.eu\/index.php\/nos-cibles\/","article_publisher":"https:\/\/www.facebook.com\/pot.enciel.338#","article_modified_time":"2025-06-11T16:13:22+00:00","og_image":[{"url":"https:\/\/pot-en-ciel.eu\/wp-content\/uploads\/2025\/04\/Circus.png","type":"","width":"","height":""}],"twitter_card":"summary_large_image","twitter_misc":{"Dur\u00e9e de lecture estim\u00e9e":"1 minute"},"schema":{"@context":"https:\/\/schema.org","@graph":[{"@type":"WebPage","@id":"https:\/\/pot-en-ciel.eu\/index.php\/nos-cibles\/","url":"https:\/\/pot-en-ciel.eu\/index.php\/nos-cibles\/","name":"CIBLES -","isPartOf":{"@id":"https:\/\/pot-en-ciel.eu\/#website"},"primaryImageOfPage":{"@id":"https:\/\/pot-en-ciel.eu\/index.php\/nos-cibles\/#primaryimage"},"image":{"@id":"https:\/\/pot-en-ciel.eu\/index.php\/nos-cibles\/#primaryimage"},"thumbnailUrl":"https:\/\/pot-en-ciel.eu\/wp-content\/uploads\/2025\/04\/Circus.png","datePublished":"2025-04-16T14:18:40+00:00","dateModified":"2025-06-11T16:13:22+00:00","breadcrumb":{"@id":"https:\/\/pot-en-ciel.eu\/index.php\/nos-cibles\/#breadcrumb"},"inLanguage":"fr-FR","potentialAction":[{"@type":"ReadAction","target":["https:\/\/pot-en-ciel.eu\/index.php\/nos-cibles\/"]}]},{"@type":"ImageObject","inLanguage":"fr-FR","@id":"https:\/\/pot-en-ciel.eu\/index.php\/nos-cibles\/#primaryimage","url":"https:\/\/pot-en-ciel.eu\/wp-content\/uploads\/2025\/04\/Circus.png","contentUrl":"https:\/\/pot-en-ciel.eu\/wp-content\/uploads\/2025\/04\/Circus.png","width":2400,"height":458},{"@type":"BreadcrumbList","@id":"https:\/\/pot-en-ciel.eu\/index.php\/nos-cibles\/#breadcrumb","itemListElement":[{"@type":"ListItem","position":1,"name":"Accueil","item":"https:\/\/pot-en-ciel.eu\/"},{"@type":"ListItem","position":2,"name":"CIBLES"}]},{"@type":"WebSite","@id":"https:\/\/pot-en-ciel.eu\/#website","url":"https:\/\/pot-en-ciel.eu\/","name":"Pot-en-ciel","description":"Lib\u00e9rez Votre Potentiel","publisher":{"@id":"https:\/\/pot-en-ciel.eu\/#organization"},"potentialAction":[{"@type":"SearchAction","target":{"@type":"EntryPoint","urlTemplate":"https:\/\/pot-en-ciel.eu\/?s={search_term_string}"},"query-input":{"@type":"PropertyValueSpecification","valueRequired":true,"valueName":"search_term_string"}}],"inLanguage":"fr-FR"},{"@type":"Organization","@id":"https:\/\/pot-en-ciel.eu\/#organization","name":"Pot-en-ciel","url":"https:\/\/pot-en-ciel.eu\/","logo":{"@type":"ImageObject","inLanguage":"fr-FR","@id":"https:\/\/pot-en-ciel.eu\/#\/schema\/logo\/image\/","url":"https:\/\/pot-en-ciel.eu\/wp-content\/uploads\/2025\/04\/cropped-cropped-Potenciel1_2_3_4.jpeg","contentUrl":"https:\/\/pot-en-ciel.eu\/wp-content\/uploads\/2025\/04\/cropped-cropped-Potenciel1_2_3_4.jpeg","width":240,"height":115,"caption":"Pot-en-ciel"},"image":{"@id":"https:\/\/pot-en-ciel.eu\/#\/schema\/logo\/image\/"},"sameAs":["https:\/\/www.facebook.com\/pot.enciel.338#","https:\/\/www.linkedin.com\/company\/pot-en-ciel-association\/"]}]}},"_links":{"self":[{"href":"https:\/\/pot-en-ciel.eu\/index.php\/wp-json\/wp\/v2\/pages\/196","targetHints":{"allow":["GET"]}}],"collection":[{"href":"https:\/\/pot-en-ciel.eu\/index.php\/wp-json\/wp\/v2\/pages"}],"about":[{"href":"https:\/\/pot-en-ciel.eu\/index.php\/wp-json\/wp\/v2\/types\/page"}],"author":[{"embeddable":true,"href":"https:\/\/pot-en-ciel.eu\/index.php\/wp-json\/wp\/v2\/users\/3"}],"replies":[{"embeddable":true,"href":"https:\/\/pot-en-ciel.eu\/index.php\/wp-json\/wp\/v2\/comments?post=196"}],"version-history":[{"count":24,"href":"https:\/\/pot-en-ciel.eu\/index.php\/wp-json\/wp\/v2\/pages\/196\/revisions"}],"predecessor-version":[{"id":563,"href":"https:\/\/pot-en-ciel.eu\/index.php\/wp-json\/wp\/v2\/pages\/196\/revisions\/563"}],"wp:attachment":[{"href":"https:\/\/pot-en-ciel.eu\/index.php\/wp-json\/wp\/v2\/media?parent=196"}],"curies":[{"name":"wp","href":"https:\/\/api.w.org\/{rel}","templated":true}]}}