{"id":2,"date":"2025-02-25T17:52:42","date_gmt":"2025-02-25T16:52:42","guid":{"rendered":"http:\/\/pot-en-ciel.eu\/?page_id=2"},"modified":"2025-11-13T11:01:06","modified_gmt":"2025-11-13T10:01:06","slug":"page-d-exemple","status":"publish","type":"page","link":"https:\/\/pot-en-ciel.eu\/index.php\/page-d-exemple\/","title":{"rendered":"Qui sommes-nous ?"},"content":{"rendered":"\n<p><p style=\"color: black;\">Pot&rsquo;en Ciel est une association qui a pour objet de proposer \u00e0 tout \u00e0 chacun de d\u00e9velopper son bien-\u00eatre, ses capacit\u00e9s intellectuelles, cognitives, manuelles, physiques et de partager ses connaissances en groupe ou en individuel dans le but d&rsquo;apporter \u00e0 chacun une meilleure qualit\u00e9 de vie et de bien-\u00eatre.<br><\/p><\/p>\n\n\n\n<blockquote class=\"wp-block-quote is-layout-flow wp-block-quote-is-layout-flow\">\n<p>Notre Pr\u00e9sident : Pierre OLIVIER<br>Notre Secr\u00e9taire : Solange BELLION JOURDAN<\/p>\n<\/blockquote>\n\n\n\n<hr class=\"wp-block-separator has-alpha-channel-opacity\"\/>\n\n\n\n<ul class=\"wp-block-list\">\n<li><a href=\"https:\/\/pot-en-ciel.eu\/wp-content\/uploads\/2025\/11\/CGU-2.pdf\">CGU<\/a><\/li>\n\n\n\n<li><a href=\"https:\/\/pot-en-ciel.eu\/wp-content\/uploads\/2025\/11\/CGV.pdf\" data-type=\"link\" data-id=\"https:\/\/pot-en-ciel.eu\/wp-content\/uploads\/2025\/04\/CGV.pdf\">CGV<\/a><\/li>\n\n\n\n<li><a href=\"https:\/\/pot-en-ciel.eu\/wp-content\/uploads\/2025\/11\/Charte-dengagement-envers-lassociation-Pot-en-Ciel-vs-client.pdf\">Charte d&rsquo;engagement envers l&rsquo;association Pot en Ciel vs client<\/a><\/li>\n\n\n\n<li><a href=\"https:\/\/pot-en-ciel.eu\/wp-content\/uploads\/2025\/11\/Droit-a-l-image.pdf\">Droit a l image<\/a><\/li>\n\n\n\n<li><a href=\"https:\/\/pot-en-ciel.eu\/wp-content\/uploads\/2025\/11\/Politique-de-confidentialite-1.pdf\">Politique de confidentialite\u0301<\/a><\/li>\n\n\n\n<li><a href=\"https:\/\/pot-en-ciel.eu\/wp-content\/uploads\/2025\/11\/Politique-RGPD-client.pdf\">Politique RGPD client<\/a><\/li>\n\n\n\n<li><a href=\"https:\/\/pot-en-ciel.eu\/wp-content\/uploads\/2025\/11\/Droit-de-retractation.pdf\" target=\"_blank\" rel=\"noreferrer noopener\">Droit de r\u00e9tractation<\/a>&nbsp;<\/li>\n<\/ul>\n\n\n\n<p><\/p>\n","protected":false},"excerpt":{"rendered":"<p>Pot&rsquo;en Ciel est une association qui a pour objet de proposer \u00e0 tout \u00e0 chacun de d\u00e9velopper son bien-\u00eatre, ses capacit\u00e9s intellectuelles, cognitives, manuelles, physiques et de partager ses connaissances en groupe ou en individuel dans le but d&rsquo;apporter \u00e0 chacun une meilleure qualit\u00e9 de vie et de bien-\u00eatre. Notre Pr\u00e9sident : Pierre OLIVIERNotre Secr\u00e9taire [&hellip;]<\/p>\n","protected":false},"author":1,"featured_media":0,"parent":0,"menu_order":3,"comment_status":"closed","ping_status":"closed","template":"","meta":{"_themeisle_gutenberg_block_has_review":false,"footnotes":""},"class_list":["post-2","page","type-page","status-publish","hentry"],"yoast_head":"<!-- This site is optimized with the Yoast SEO plugin v26.3 - https:\/\/yoast.com\/wordpress\/plugins\/seo\/ -->\n<title>Qui sommes-nous ? -<\/title>\n<meta name=\"robots\" content=\"index, follow, max-snippet:-1, max-image-preview:large, max-video-preview:-1\" \/>\n<link rel=\"canonical\" href=\"https:\/\/pot-en-ciel.eu\/index.php\/page-d-exemple\/\" \/>\n<meta property=\"og:locale\" content=\"fr_FR\" \/>\n<meta property=\"og:type\" content=\"article\" \/>\n<meta property=\"og:title\" content=\"Qui sommes-nous ? -\" \/>\n<meta property=\"og:description\" content=\"Pot&rsquo;en Ciel est une association qui a pour objet de proposer \u00e0 tout \u00e0 chacun de d\u00e9velopper son bien-\u00eatre, ses capacit\u00e9s intellectuelles, cognitives, manuelles, physiques et de partager ses connaissances en groupe ou en individuel dans le but d&rsquo;apporter \u00e0 chacun une meilleure qualit\u00e9 de vie et de bien-\u00eatre. Notre Pr\u00e9sident : Pierre OLIVIERNotre Secr\u00e9taire [&hellip;]\" \/>\n<meta property=\"og:url\" content=\"https:\/\/pot-en-ciel.eu\/index.php\/page-d-exemple\/\" \/>\n<meta property=\"article:publisher\" content=\"https:\/\/www.facebook.com\/pot.enciel.338#\" \/>\n<meta property=\"article:modified_time\" content=\"2025-11-13T10:01:06+00:00\" \/>\n<meta name=\"twitter:card\" content=\"summary_large_image\" \/>\n<meta name=\"twitter:label1\" content=\"Dur\u00e9e de lecture estim\u00e9e\" \/>\n\t<meta name=\"twitter:data1\" content=\"1 minute\" \/>\n<script type=\"application\/ld+json\" class=\"yoast-schema-graph\">{\"@context\":\"https:\/\/schema.org\",\"@graph\":[{\"@type\":\"WebPage\",\"@id\":\"https:\/\/pot-en-ciel.eu\/index.php\/page-d-exemple\/\",\"url\":\"https:\/\/pot-en-ciel.eu\/index.php\/page-d-exemple\/\",\"name\":\"Qui sommes-nous ? -\",\"isPartOf\":{\"@id\":\"https:\/\/pot-en-ciel.eu\/#website\"},\"datePublished\":\"2025-02-25T16:52:42+00:00\",\"dateModified\":\"2025-11-13T10:01:06+00:00\",\"breadcrumb\":{\"@id\":\"https:\/\/pot-en-ciel.eu\/index.php\/page-d-exemple\/#breadcrumb\"},\"inLanguage\":\"fr-FR\",\"potentialAction\":[{\"@type\":\"ReadAction\",\"target\":[\"https:\/\/pot-en-ciel.eu\/index.php\/page-d-exemple\/\"]}]},{\"@type\":\"BreadcrumbList\",\"@id\":\"https:\/\/pot-en-ciel.eu\/index.php\/page-d-exemple\/#breadcrumb\",\"itemListElement\":[{\"@type\":\"ListItem\",\"position\":1,\"name\":\"Accueil\",\"item\":\"https:\/\/pot-en-ciel.eu\/\"},{\"@type\":\"ListItem\",\"position\":2,\"name\":\"Qui sommes-nous ?\"}]},{\"@type\":\"WebSite\",\"@id\":\"https:\/\/pot-en-ciel.eu\/#website\",\"url\":\"https:\/\/pot-en-ciel.eu\/\",\"name\":\"Pot-en-ciel\",\"description\":\"Lib\u00e9rez Votre Potentiel\",\"publisher\":{\"@id\":\"https:\/\/pot-en-ciel.eu\/#organization\"},\"potentialAction\":[{\"@type\":\"SearchAction\",\"target\":{\"@type\":\"EntryPoint\",\"urlTemplate\":\"https:\/\/pot-en-ciel.eu\/?s={search_term_string}\"},\"query-input\":{\"@type\":\"PropertyValueSpecification\",\"valueRequired\":true,\"valueName\":\"search_term_string\"}}],\"inLanguage\":\"fr-FR\"},{\"@type\":\"Organization\",\"@id\":\"https:\/\/pot-en-ciel.eu\/#organization\",\"name\":\"Pot-en-ciel\",\"url\":\"https:\/\/pot-en-ciel.eu\/\",\"logo\":{\"@type\":\"ImageObject\",\"inLanguage\":\"fr-FR\",\"@id\":\"https:\/\/pot-en-ciel.eu\/#\/schema\/logo\/image\/\",\"url\":\"https:\/\/pot-en-ciel.eu\/wp-content\/uploads\/2025\/04\/cropped-cropped-Potenciel1_2_3_4.jpeg\",\"contentUrl\":\"https:\/\/pot-en-ciel.eu\/wp-content\/uploads\/2025\/04\/cropped-cropped-Potenciel1_2_3_4.jpeg\",\"width\":240,\"height\":115,\"caption\":\"Pot-en-ciel\"},\"image\":{\"@id\":\"https:\/\/pot-en-ciel.eu\/#\/schema\/logo\/image\/\"},\"sameAs\":[\"https:\/\/www.facebook.com\/pot.enciel.338#\",\"https:\/\/www.linkedin.com\/company\/pot-en-ciel-association\/\"]}]}<\/script>\n<!-- \/ Yoast SEO plugin. -->","yoast_head_json":{"title":"Qui sommes-nous ? -","robots":{"index":"index","follow":"follow","max-snippet":"max-snippet:-1","max-image-preview":"max-image-preview:large","max-video-preview":"max-video-preview:-1"},"canonical":"https:\/\/pot-en-ciel.eu\/index.php\/page-d-exemple\/","og_locale":"fr_FR","og_type":"article","og_title":"Qui sommes-nous ? -","og_description":"Pot&rsquo;en Ciel est une association qui a pour objet de proposer \u00e0 tout \u00e0 chacun de d\u00e9velopper son bien-\u00eatre, ses capacit\u00e9s intellectuelles, cognitives, manuelles, physiques et de partager ses connaissances en groupe ou en individuel dans le but d&rsquo;apporter \u00e0 chacun une meilleure qualit\u00e9 de vie et de bien-\u00eatre. Notre Pr\u00e9sident : Pierre OLIVIERNotre Secr\u00e9taire [&hellip;]","og_url":"https:\/\/pot-en-ciel.eu\/index.php\/page-d-exemple\/","article_publisher":"https:\/\/www.facebook.com\/pot.enciel.338#","article_modified_time":"2025-11-13T10:01:06+00:00","twitter_card":"summary_large_image","twitter_misc":{"Dur\u00e9e de lecture estim\u00e9e":"1 minute"},"schema":{"@context":"https:\/\/schema.org","@graph":[{"@type":"WebPage","@id":"https:\/\/pot-en-ciel.eu\/index.php\/page-d-exemple\/","url":"https:\/\/pot-en-ciel.eu\/index.php\/page-d-exemple\/","name":"Qui sommes-nous ? -","isPartOf":{"@id":"https:\/\/pot-en-ciel.eu\/#website"},"datePublished":"2025-02-25T16:52:42+00:00","dateModified":"2025-11-13T10:01:06+00:00","breadcrumb":{"@id":"https:\/\/pot-en-ciel.eu\/index.php\/page-d-exemple\/#breadcrumb"},"inLanguage":"fr-FR","potentialAction":[{"@type":"ReadAction","target":["https:\/\/pot-en-ciel.eu\/index.php\/page-d-exemple\/"]}]},{"@type":"BreadcrumbList","@id":"https:\/\/pot-en-ciel.eu\/index.php\/page-d-exemple\/#breadcrumb","itemListElement":[{"@type":"ListItem","position":1,"name":"Accueil","item":"https:\/\/pot-en-ciel.eu\/"},{"@type":"ListItem","position":2,"name":"Qui sommes-nous ?"}]},{"@type":"WebSite","@id":"https:\/\/pot-en-ciel.eu\/#website","url":"https:\/\/pot-en-ciel.eu\/","name":"Pot-en-ciel","description":"Lib\u00e9rez Votre Potentiel","publisher":{"@id":"https:\/\/pot-en-ciel.eu\/#organization"},"potentialAction":[{"@type":"SearchAction","target":{"@type":"EntryPoint","urlTemplate":"https:\/\/pot-en-ciel.eu\/?s={search_term_string}"},"query-input":{"@type":"PropertyValueSpecification","valueRequired":true,"valueName":"search_term_string"}}],"inLanguage":"fr-FR"},{"@type":"Organization","@id":"https:\/\/pot-en-ciel.eu\/#organization","name":"Pot-en-ciel","url":"https:\/\/pot-en-ciel.eu\/","logo":{"@type":"ImageObject","inLanguage":"fr-FR","@id":"https:\/\/pot-en-ciel.eu\/#\/schema\/logo\/image\/","url":"https:\/\/pot-en-ciel.eu\/wp-content\/uploads\/2025\/04\/cropped-cropped-Potenciel1_2_3_4.jpeg","contentUrl":"https:\/\/pot-en-ciel.eu\/wp-content\/uploads\/2025\/04\/cropped-cropped-Potenciel1_2_3_4.jpeg","width":240,"height":115,"caption":"Pot-en-ciel"},"image":{"@id":"https:\/\/pot-en-ciel.eu\/#\/schema\/logo\/image\/"},"sameAs":["https:\/\/www.facebook.com\/pot.enciel.338#","https:\/\/www.linkedin.com\/company\/pot-en-ciel-association\/"]}]}},"_links":{"self":[{"href":"https:\/\/pot-en-ciel.eu\/index.php\/wp-json\/wp\/v2\/pages\/2","targetHints":{"allow":["GET"]}}],"collection":[{"href":"https:\/\/pot-en-ciel.eu\/index.php\/wp-json\/wp\/v2\/pages"}],"about":[{"href":"https:\/\/pot-en-ciel.eu\/index.php\/wp-json\/wp\/v2\/types\/page"}],"author":[{"embeddable":true,"href":"https:\/\/pot-en-ciel.eu\/index.php\/wp-json\/wp\/v2\/users\/1"}],"replies":[{"embeddable":true,"href":"https:\/\/pot-en-ciel.eu\/index.php\/wp-json\/wp\/v2\/comments?post=2"}],"version-history":[{"count":11,"href":"https:\/\/pot-en-ciel.eu\/index.php\/wp-json\/wp\/v2\/pages\/2\/revisions"}],"predecessor-version":[{"id":598,"href":"https:\/\/pot-en-ciel.eu\/index.php\/wp-json\/wp\/v2\/pages\/2\/revisions\/598"}],"wp:attachment":[{"href":"https:\/\/pot-en-ciel.eu\/index.php\/wp-json\/wp\/v2\/media?parent=2"}],"curies":[{"name":"wp","href":"https:\/\/api.w.org\/{rel}","templated":true}]}}