{"id":200,"date":"2025-04-16T16:20:40","date_gmt":"2025-04-16T14:20:40","guid":{"rendered":"https:\/\/pot-en-ciel.eu\/?page_id=200"},"modified":"2025-04-16T19:03:38","modified_gmt":"2025-04-16T17:03:38","slug":"nos-approches","status":"publish","type":"page","link":"https:\/\/pot-en-ciel.eu\/index.php\/nos-approches\/","title":{"rendered":"APPROCHES"},"content":{"rendered":"\n<style>\n  .approches-section {\n    display: flex;\n    flex-wrap: wrap;\n    min-height: auto;\n    background-color: #ffffff;\n    font-family: sans-serif;\n  }\n\n  .approches-left {\n    flex: 1 1 65%;\n    background-color: #ffffff;\n    color: #000;\n    padding: 3rem 2rem;\n    display: flex;\n    flex-direction: column;\n    justify-content: center;\n    box-sizing: border-box;\n  }\n\n  .approches-left h2 {\n    color: #f94e9b;\n    font-size: 2.5rem;\n    font-weight: bold;\n    margin-bottom: 3rem;\n  }\n\n  .timeline {\n    position: relative;\n    margin-left: 2rem;\n    padding-left: 2rem;\n    border-left: 2px solid #c8b4e8;\n  }\n\n  .step {\n    display: flex;\n    align-items: flex-start;\n    margin-bottom: 3rem;\n    position: relative;\n  }\n\n  .step-number {\n    background-color: #e6d9f7;\n    color: #000;\n    font-weight: bold;\n    border-radius: 8px;\n    width: 32px;\n    height: 32px;\n    display: flex;\n    align-items: center;\n    justify-content: center;\n    margin-right: 1rem;\n    font-size: 1rem;\n    z-index: 2;\n  }\n\n  .step p {\n    color: #333;\n    margin: 0;\n    font-size: 1rem;\n  }\n\n  .approches-right {\n    flex: 1 1 35%;\n    background-image: url('https:\/\/pot-en-ciel.eu\/wp-content\/uploads\/2025\/04\/image-2.png');\n    background-size: cover;\n    background-position: center;\n    height: 500px;\n    min-height: 300px;\n  }\n\n  @media (max-width: 900px) {\n    .approches-section {\n      flex-direction: column;\n    }\n\n    .approches-right {\n      width: 100%;\n      height: 300px;\n    }\n\n    .timeline {\n      margin-left: 0;\n      padding-left: 0;\n      border: none;\n    }\n  }\n<\/style>\n\n<div class=\"approches-section\">\n  <div class=\"approches-left\">\n    <div class=\"timeline\">\n      <div class=\"step\">\n        <div class=\"step-number\">1<\/div>\n        <p>\n          Chez Pot&rsquo;en Ciel, nous offrons un voyage int\u00e9rieur o\u00f9 chaque approche devient complice pour d\u00e9passer les blocages et aller \u00e0 la rencontre de ses potentiels.\n        <\/p>\n      <\/div>\n      <div class=\"step\">\n        <div class=\"step-number\">2<\/div>\n        <p>\n          Nos approches sont \u00e0 la fois vari\u00e9es et riches : pratiques et concr\u00e8tes, structur\u00e9es, cr\u00e9atives ou artistiques, ludiques, f\u00e9\u00e9riques, m\u00e9taphoriques et surtout joyeuses.\n        <\/p>\n      <\/div>\n    <\/div>\n  <\/div>\n\n  <div class=\"approches-right\"><\/div>\n<\/div>\n\n","protected":false},"excerpt":{"rendered":"<p>1 Chez Pot&rsquo;en Ciel, nous offrons un voyage int\u00e9rieur o\u00f9 chaque approche devient complice pour d\u00e9passer les blocages et aller \u00e0 la rencontre de ses potentiels. 2 Nos approches sont \u00e0 la fois vari\u00e9es et riches : pratiques et concr\u00e8tes, structur\u00e9es, cr\u00e9atives ou artistiques, ludiques, f\u00e9\u00e9riques, m\u00e9taphoriques et surtout joyeuses.<\/p>\n","protected":false},"author":3,"featured_media":0,"parent":0,"menu_order":0,"comment_status":"closed","ping_status":"closed","template":"","meta":{"_themeisle_gutenberg_block_has_review":false,"footnotes":""},"class_list":["post-200","page","type-page","status-publish","hentry"],"yoast_head":"<!-- This site is optimized with the Yoast SEO plugin v26.3 - https:\/\/yoast.com\/wordpress\/plugins\/seo\/ -->\n<title>APPROCHES -<\/title>\n<meta name=\"robots\" content=\"index, follow, max-snippet:-1, max-image-preview:large, max-video-preview:-1\" \/>\n<link rel=\"canonical\" href=\"https:\/\/pot-en-ciel.eu\/index.php\/nos-approches\/\" \/>\n<meta property=\"og:locale\" content=\"fr_FR\" \/>\n<meta property=\"og:type\" content=\"article\" \/>\n<meta property=\"og:title\" content=\"APPROCHES -\" \/>\n<meta property=\"og:description\" content=\"1 Chez Pot&rsquo;en Ciel, nous offrons un voyage int\u00e9rieur o\u00f9 chaque approche devient complice pour d\u00e9passer les blocages et aller \u00e0 la rencontre de ses potentiels. 2 Nos approches sont \u00e0 la fois vari\u00e9es et riches : pratiques et concr\u00e8tes, structur\u00e9es, cr\u00e9atives ou artistiques, ludiques, f\u00e9\u00e9riques, m\u00e9taphoriques et surtout joyeuses.\" \/>\n<meta property=\"og:url\" content=\"https:\/\/pot-en-ciel.eu\/index.php\/nos-approches\/\" \/>\n<meta property=\"article:publisher\" content=\"https:\/\/www.facebook.com\/pot.enciel.338#\" \/>\n<meta property=\"article:modified_time\" content=\"2025-04-16T17:03:38+00:00\" \/>\n<meta name=\"twitter:card\" content=\"summary_large_image\" \/>\n<script type=\"application\/ld+json\" class=\"yoast-schema-graph\">{\"@context\":\"https:\/\/schema.org\",\"@graph\":[{\"@type\":\"WebPage\",\"@id\":\"https:\/\/pot-en-ciel.eu\/index.php\/nos-approches\/\",\"url\":\"https:\/\/pot-en-ciel.eu\/index.php\/nos-approches\/\",\"name\":\"APPROCHES -\",\"isPartOf\":{\"@id\":\"https:\/\/pot-en-ciel.eu\/#website\"},\"datePublished\":\"2025-04-16T14:20:40+00:00\",\"dateModified\":\"2025-04-16T17:03:38+00:00\",\"breadcrumb\":{\"@id\":\"https:\/\/pot-en-ciel.eu\/index.php\/nos-approches\/#breadcrumb\"},\"inLanguage\":\"fr-FR\",\"potentialAction\":[{\"@type\":\"ReadAction\",\"target\":[\"https:\/\/pot-en-ciel.eu\/index.php\/nos-approches\/\"]}]},{\"@type\":\"BreadcrumbList\",\"@id\":\"https:\/\/pot-en-ciel.eu\/index.php\/nos-approches\/#breadcrumb\",\"itemListElement\":[{\"@type\":\"ListItem\",\"position\":1,\"name\":\"Accueil\",\"item\":\"https:\/\/pot-en-ciel.eu\/\"},{\"@type\":\"ListItem\",\"position\":2,\"name\":\"APPROCHES\"}]},{\"@type\":\"WebSite\",\"@id\":\"https:\/\/pot-en-ciel.eu\/#website\",\"url\":\"https:\/\/pot-en-ciel.eu\/\",\"name\":\"Pot-en-ciel\",\"description\":\"Lib\u00e9rez Votre Potentiel\",\"publisher\":{\"@id\":\"https:\/\/pot-en-ciel.eu\/#organization\"},\"potentialAction\":[{\"@type\":\"SearchAction\",\"target\":{\"@type\":\"EntryPoint\",\"urlTemplate\":\"https:\/\/pot-en-ciel.eu\/?s={search_term_string}\"},\"query-input\":{\"@type\":\"PropertyValueSpecification\",\"valueRequired\":true,\"valueName\":\"search_term_string\"}}],\"inLanguage\":\"fr-FR\"},{\"@type\":\"Organization\",\"@id\":\"https:\/\/pot-en-ciel.eu\/#organization\",\"name\":\"Pot-en-ciel\",\"url\":\"https:\/\/pot-en-ciel.eu\/\",\"logo\":{\"@type\":\"ImageObject\",\"inLanguage\":\"fr-FR\",\"@id\":\"https:\/\/pot-en-ciel.eu\/#\/schema\/logo\/image\/\",\"url\":\"https:\/\/pot-en-ciel.eu\/wp-content\/uploads\/2025\/04\/cropped-cropped-Potenciel1_2_3_4.jpeg\",\"contentUrl\":\"https:\/\/pot-en-ciel.eu\/wp-content\/uploads\/2025\/04\/cropped-cropped-Potenciel1_2_3_4.jpeg\",\"width\":240,\"height\":115,\"caption\":\"Pot-en-ciel\"},\"image\":{\"@id\":\"https:\/\/pot-en-ciel.eu\/#\/schema\/logo\/image\/\"},\"sameAs\":[\"https:\/\/www.facebook.com\/pot.enciel.338#\",\"https:\/\/www.linkedin.com\/company\/pot-en-ciel-association\/\"]}]}<\/script>\n<!-- \/ Yoast SEO plugin. -->","yoast_head_json":{"title":"APPROCHES -","robots":{"index":"index","follow":"follow","max-snippet":"max-snippet:-1","max-image-preview":"max-image-preview:large","max-video-preview":"max-video-preview:-1"},"canonical":"https:\/\/pot-en-ciel.eu\/index.php\/nos-approches\/","og_locale":"fr_FR","og_type":"article","og_title":"APPROCHES -","og_description":"1 Chez Pot&rsquo;en Ciel, nous offrons un voyage int\u00e9rieur o\u00f9 chaque approche devient complice pour d\u00e9passer les blocages et aller \u00e0 la rencontre de ses potentiels. 2 Nos approches sont \u00e0 la fois vari\u00e9es et riches : pratiques et concr\u00e8tes, structur\u00e9es, cr\u00e9atives ou artistiques, ludiques, f\u00e9\u00e9riques, m\u00e9taphoriques et surtout joyeuses.","og_url":"https:\/\/pot-en-ciel.eu\/index.php\/nos-approches\/","article_publisher":"https:\/\/www.facebook.com\/pot.enciel.338#","article_modified_time":"2025-04-16T17:03:38+00:00","twitter_card":"summary_large_image","schema":{"@context":"https:\/\/schema.org","@graph":[{"@type":"WebPage","@id":"https:\/\/pot-en-ciel.eu\/index.php\/nos-approches\/","url":"https:\/\/pot-en-ciel.eu\/index.php\/nos-approches\/","name":"APPROCHES -","isPartOf":{"@id":"https:\/\/pot-en-ciel.eu\/#website"},"datePublished":"2025-04-16T14:20:40+00:00","dateModified":"2025-04-16T17:03:38+00:00","breadcrumb":{"@id":"https:\/\/pot-en-ciel.eu\/index.php\/nos-approches\/#breadcrumb"},"inLanguage":"fr-FR","potentialAction":[{"@type":"ReadAction","target":["https:\/\/pot-en-ciel.eu\/index.php\/nos-approches\/"]}]},{"@type":"BreadcrumbList","@id":"https:\/\/pot-en-ciel.eu\/index.php\/nos-approches\/#breadcrumb","itemListElement":[{"@type":"ListItem","position":1,"name":"Accueil","item":"https:\/\/pot-en-ciel.eu\/"},{"@type":"ListItem","position":2,"name":"APPROCHES"}]},{"@type":"WebSite","@id":"https:\/\/pot-en-ciel.eu\/#website","url":"https:\/\/pot-en-ciel.eu\/","name":"Pot-en-ciel","description":"Lib\u00e9rez Votre Potentiel","publisher":{"@id":"https:\/\/pot-en-ciel.eu\/#organization"},"potentialAction":[{"@type":"SearchAction","target":{"@type":"EntryPoint","urlTemplate":"https:\/\/pot-en-ciel.eu\/?s={search_term_string}"},"query-input":{"@type":"PropertyValueSpecification","valueRequired":true,"valueName":"search_term_string"}}],"inLanguage":"fr-FR"},{"@type":"Organization","@id":"https:\/\/pot-en-ciel.eu\/#organization","name":"Pot-en-ciel","url":"https:\/\/pot-en-ciel.eu\/","logo":{"@type":"ImageObject","inLanguage":"fr-FR","@id":"https:\/\/pot-en-ciel.eu\/#\/schema\/logo\/image\/","url":"https:\/\/pot-en-ciel.eu\/wp-content\/uploads\/2025\/04\/cropped-cropped-Potenciel1_2_3_4.jpeg","contentUrl":"https:\/\/pot-en-ciel.eu\/wp-content\/uploads\/2025\/04\/cropped-cropped-Potenciel1_2_3_4.jpeg","width":240,"height":115,"caption":"Pot-en-ciel"},"image":{"@id":"https:\/\/pot-en-ciel.eu\/#\/schema\/logo\/image\/"},"sameAs":["https:\/\/www.facebook.com\/pot.enciel.338#","https:\/\/www.linkedin.com\/company\/pot-en-ciel-association\/"]}]}},"_links":{"self":[{"href":"https:\/\/pot-en-ciel.eu\/index.php\/wp-json\/wp\/v2\/pages\/200","targetHints":{"allow":["GET"]}}],"collection":[{"href":"https:\/\/pot-en-ciel.eu\/index.php\/wp-json\/wp\/v2\/pages"}],"about":[{"href":"https:\/\/pot-en-ciel.eu\/index.php\/wp-json\/wp\/v2\/types\/page"}],"author":[{"embeddable":true,"href":"https:\/\/pot-en-ciel.eu\/index.php\/wp-json\/wp\/v2\/users\/3"}],"replies":[{"embeddable":true,"href":"https:\/\/pot-en-ciel.eu\/index.php\/wp-json\/wp\/v2\/comments?post=200"}],"version-history":[{"count":10,"href":"https:\/\/pot-en-ciel.eu\/index.php\/wp-json\/wp\/v2\/pages\/200\/revisions"}],"predecessor-version":[{"id":296,"href":"https:\/\/pot-en-ciel.eu\/index.php\/wp-json\/wp\/v2\/pages\/200\/revisions\/296"}],"wp:attachment":[{"href":"https:\/\/pot-en-ciel.eu\/index.php\/wp-json\/wp\/v2\/media?parent=200"}],"curies":[{"name":"wp","href":"https:\/\/api.w.org\/{rel}","templated":true}]}}