{"id":202,"date":"2025-04-16T16:20:54","date_gmt":"2025-04-16T14:20:54","guid":{"rendered":"https:\/\/pot-en-ciel.eu\/?page_id=202"},"modified":"2025-04-22T22:08:56","modified_gmt":"2025-04-22T20:08:56","slug":"nos-valeurs","status":"publish","type":"page","link":"https:\/\/pot-en-ciel.eu\/index.php\/nos-valeurs\/","title":{"rendered":"VALEURS"},"content":{"rendered":"\n<div id=\"wp-block-themeisle-blocks-timeline-04a8a64f\" class=\"wp-block-themeisle-blocks-timeline\"><div class=\"o-timeline-root\">\n<div id=\"wp-block-themeisle-blocks-timeline-item-90df0bbb\" class=\"wp-block-themeisle-blocks-timeline-item\"><div class=\"o-timeline-container\"><div class=\"o-timeline-icon\"><i class=\"fas fa-circle\"><\/i><\/div><div class=\"o-timeline-content\">\n<h2 class=\"wp-block-heading\"><img loading=\"lazy\" decoding=\"async\" width=\"150\" height=\"150\" class=\"wp-image-481\" style=\"width: 150px;\" src=\"https:\/\/pot-en-ciel.eu\/wp-content\/uploads\/2025\/04\/1.jpg\" alt=\"\" srcset=\"https:\/\/pot-en-ciel.eu\/wp-content\/uploads\/2025\/04\/1.jpg 208w, https:\/\/pot-en-ciel.eu\/wp-content\/uploads\/2025\/04\/1-150x150.jpg 150w\" sizes=\"auto, (max-width: 150px) 100vw, 150px\" \/><\/h2>\n\n\n\n<h2 class=\"wp-block-heading\"><strong>Le Bien-\u00eatre global<\/strong><\/h2>\n\n\n\n<p>Un \u00e9quilibre physique, mental et \u00e9motionnel pour une vie \u00e9panouie.<\/p>\n<\/div><\/div><\/div>\n\n\n\n<div id=\"wp-block-themeisle-blocks-timeline-item-d6009b58\" class=\"wp-block-themeisle-blocks-timeline-item\"><div class=\"o-timeline-container\"><div class=\"o-timeline-icon\"><i class=\"fas fa-circle\"><\/i><\/div><div class=\"o-timeline-content\">\n<h2 class=\"wp-block-heading\"><img loading=\"lazy\" decoding=\"async\" width=\"150\" height=\"151\" class=\"wp-image-480\" style=\"width: 150px;\" src=\"https:\/\/pot-en-ciel.eu\/wp-content\/uploads\/2025\/04\/2.jpg\" alt=\"\" srcset=\"https:\/\/pot-en-ciel.eu\/wp-content\/uploads\/2025\/04\/2.jpg 210w, https:\/\/pot-en-ciel.eu\/wp-content\/uploads\/2025\/04\/2-150x150.jpg 150w\" sizes=\"auto, (max-width: 150px) 100vw, 150px\" \/><\/h2>\n\n\n\n<h2 class=\"wp-block-heading\"><strong>L&rsquo;Authenticit\u00e9 et respect de soi<\/strong><\/h2>\n\n\n\n<p>Valorisation de chaque individu dans sa singularit\u00e9.<\/p>\n<\/div><\/div><\/div>\n\n\n\n<div id=\"wp-block-themeisle-blocks-timeline-item-6f1c8e5e\" class=\"wp-block-themeisle-blocks-timeline-item\"><div class=\"o-timeline-container\"><div class=\"o-timeline-icon\"><i class=\"fas fa-circle\"><\/i><\/div><div class=\"o-timeline-content\">\n<h2 class=\"wp-block-heading\"><img loading=\"lazy\" decoding=\"async\" width=\"150\" height=\"150\" class=\"wp-image-479\" style=\"width: 150px;\" src=\"https:\/\/pot-en-ciel.eu\/wp-content\/uploads\/2025\/04\/3.jpg\" alt=\"\" srcset=\"https:\/\/pot-en-ciel.eu\/wp-content\/uploads\/2025\/04\/3.jpg 206w, https:\/\/pot-en-ciel.eu\/wp-content\/uploads\/2025\/04\/3-150x150.jpg 150w\" sizes=\"auto, (max-width: 150px) 100vw, 150px\" \/><\/h2>\n\n\n\n<h2 class=\"wp-block-heading\"><strong>L&rsquo;Empathie et l&rsquo;\u00e9coute active<\/strong><\/h2>\n\n\n\n<p>Cr\u00e9ation d&rsquo;un environnement de confiance et de soutien.<\/p>\n<\/div><\/div><\/div>\n\n\n\n<div id=\"wp-block-themeisle-blocks-timeline-item-c74f811e\" class=\"wp-block-themeisle-blocks-timeline-item\"><div class=\"o-timeline-container\"><div class=\"o-timeline-icon\"><i class=\"fas fa-circle\"><\/i><\/div><div class=\"o-timeline-content\">\n<h2 class=\"wp-block-heading\"><img loading=\"lazy\" decoding=\"async\" width=\"150\" height=\"150\" class=\"wp-image-478\" style=\"width: 150px;\" src=\"https:\/\/pot-en-ciel.eu\/wp-content\/uploads\/2025\/04\/4.jpg\" alt=\"\" srcset=\"https:\/\/pot-en-ciel.eu\/wp-content\/uploads\/2025\/04\/4.jpg 208w, https:\/\/pot-en-ciel.eu\/wp-content\/uploads\/2025\/04\/4-150x150.jpg 150w\" sizes=\"auto, (max-width: 150px) 100vw, 150px\" \/><\/h2>\n\n\n\n<h2 class=\"wp-block-heading\"><strong>La Cr\u00e9ativit\u00e9 et innovation<\/strong><\/h2>\n\n\n\n<p>Lib\u00e9ration de la cr\u00e9ativit\u00e9 pour une transformation personnelle.<\/p>\n<\/div><\/div><\/div>\n<\/div><\/div>\n\n\n\n<div id=\"wp-block-themeisle-blocks-timeline-5e3f25f0\" class=\"wp-block-themeisle-blocks-timeline\"><div class=\"o-timeline-root\">\n<div id=\"wp-block-themeisle-blocks-timeline-item-acf4076c\" class=\"wp-block-themeisle-blocks-timeline-item\"><div class=\"o-timeline-container\"><div class=\"o-timeline-icon\"><i class=\"fas fa-circle\"><\/i><\/div><div class=\"o-timeline-content\">\n<h3 class=\"wp-block-heading\"><img loading=\"lazy\" decoding=\"async\" width=\"150\" height=\"151\" class=\"wp-image-480\" style=\"width: 150px;\" src=\"https:\/\/pot-en-ciel.eu\/wp-content\/uploads\/2025\/04\/2.jpg\" alt=\"\" srcset=\"https:\/\/pot-en-ciel.eu\/wp-content\/uploads\/2025\/04\/2.jpg 210w, https:\/\/pot-en-ciel.eu\/wp-content\/uploads\/2025\/04\/2-150x150.jpg 150w\" sizes=\"auto, (max-width: 150px) 100vw, 150px\" \/><\/h3>\n\n\n\n<h2 class=\"wp-block-heading\"><strong><strong>La coh\u00e9sion et la solidarit\u00e9<\/strong><\/strong><\/h2>\n\n\n\n<p>Renforcement du lien entre les individus pour une croissance collective.<\/p>\n<\/div><\/div><\/div>\n\n\n\n<div id=\"wp-block-themeisle-blocks-timeline-item-67e1fa80\" class=\"wp-block-themeisle-blocks-timeline-item\"><div class=\"o-timeline-container\"><div class=\"o-timeline-icon\"><i class=\"fas fa-circle\"><\/i><\/div><div class=\"o-timeline-content\">\n<h2 class=\"wp-block-heading\"><img loading=\"lazy\" decoding=\"async\" width=\"150\" height=\"150\" class=\"wp-image-476\" style=\"width: 150px;\" src=\"https:\/\/pot-en-ciel.eu\/wp-content\/uploads\/2025\/04\/6.jpg\" alt=\"\" srcset=\"https:\/\/pot-en-ciel.eu\/wp-content\/uploads\/2025\/04\/6.jpg 187w, https:\/\/pot-en-ciel.eu\/wp-content\/uploads\/2025\/04\/6-150x150.jpg 150w\" sizes=\"auto, (max-width: 150px) 100vw, 150px\" \/><\/h2>\n\n\n\n<h2 class=\"wp-block-heading\"><strong><strong>Transformation et \u00e9volution<\/strong><\/strong><\/h2>\n\n\n\n<p>Accompagnement vers une meilleure version de soi..<\/p>\n<\/div><\/div><\/div>\n\n\n\n<div id=\"wp-block-themeisle-blocks-timeline-item-73aaf6ca\" class=\"wp-block-themeisle-blocks-timeline-item\"><div class=\"o-timeline-container\"><div class=\"o-timeline-icon\"><i class=\"fas fa-circle\"><\/i><\/div><div class=\"o-timeline-content\">\n<h3 class=\"wp-block-heading\"><img loading=\"lazy\" decoding=\"async\" width=\"150\" height=\"148\" class=\"wp-image-475\" style=\"width: 150px;\" src=\"https:\/\/pot-en-ciel.eu\/wp-content\/uploads\/2025\/04\/7.jpg\" alt=\"\"><\/h3>\n\n\n\n<h2 class=\"wp-block-heading\"><strong><strong>L\u2019accessibilit\u00e9 et ouverture<\/strong><\/strong><\/h2>\n\n\n\n<p>Des services accessibles \u00e0 tous dans une d\u00e9marche inclusive..<\/p>\n<\/div><\/div><\/div>\n<\/div><\/div>\n","protected":false},"excerpt":{"rendered":"","protected":false},"author":3,"featured_media":0,"parent":0,"menu_order":0,"comment_status":"closed","ping_status":"closed","template":"","meta":{"_themeisle_gutenberg_block_has_review":false,"footnotes":""},"class_list":["post-202","page","type-page","status-publish","hentry"],"yoast_head":"<!-- This site is optimized with the Yoast SEO plugin v26.3 - https:\/\/yoast.com\/wordpress\/plugins\/seo\/ -->\n<title>VALEURS -<\/title>\n<meta name=\"robots\" content=\"index, follow, max-snippet:-1, max-image-preview:large, max-video-preview:-1\" \/>\n<link rel=\"canonical\" href=\"https:\/\/pot-en-ciel.eu\/index.php\/nos-valeurs\/\" \/>\n<meta property=\"og:locale\" content=\"fr_FR\" \/>\n<meta property=\"og:type\" content=\"article\" \/>\n<meta property=\"og:title\" content=\"VALEURS -\" \/>\n<meta property=\"og:url\" content=\"https:\/\/pot-en-ciel.eu\/index.php\/nos-valeurs\/\" \/>\n<meta property=\"article:publisher\" content=\"https:\/\/www.facebook.com\/pot.enciel.338#\" \/>\n<meta property=\"article:modified_time\" content=\"2025-04-22T20:08:56+00:00\" \/>\n<meta property=\"og:image\" content=\"https:\/\/pot-en-ciel.eu\/wp-content\/uploads\/2025\/04\/1.jpg\" \/>\n<meta name=\"twitter:card\" content=\"summary_large_image\" \/>\n<script type=\"application\/ld+json\" class=\"yoast-schema-graph\">{\"@context\":\"https:\/\/schema.org\",\"@graph\":[{\"@type\":\"WebPage\",\"@id\":\"https:\/\/pot-en-ciel.eu\/index.php\/nos-valeurs\/\",\"url\":\"https:\/\/pot-en-ciel.eu\/index.php\/nos-valeurs\/\",\"name\":\"VALEURS -\",\"isPartOf\":{\"@id\":\"https:\/\/pot-en-ciel.eu\/#website\"},\"primaryImageOfPage\":{\"@id\":\"https:\/\/pot-en-ciel.eu\/index.php\/nos-valeurs\/#primaryimage\"},\"image\":{\"@id\":\"https:\/\/pot-en-ciel.eu\/index.php\/nos-valeurs\/#primaryimage\"},\"thumbnailUrl\":\"https:\/\/pot-en-ciel.eu\/wp-content\/uploads\/2025\/04\/1.jpg\",\"datePublished\":\"2025-04-16T14:20:54+00:00\",\"dateModified\":\"2025-04-22T20:08:56+00:00\",\"breadcrumb\":{\"@id\":\"https:\/\/pot-en-ciel.eu\/index.php\/nos-valeurs\/#breadcrumb\"},\"inLanguage\":\"fr-FR\",\"potentialAction\":[{\"@type\":\"ReadAction\",\"target\":[\"https:\/\/pot-en-ciel.eu\/index.php\/nos-valeurs\/\"]}]},{\"@type\":\"ImageObject\",\"inLanguage\":\"fr-FR\",\"@id\":\"https:\/\/pot-en-ciel.eu\/index.php\/nos-valeurs\/#primaryimage\",\"url\":\"https:\/\/pot-en-ciel.eu\/wp-content\/uploads\/2025\/04\/1.jpg\",\"contentUrl\":\"https:\/\/pot-en-ciel.eu\/wp-content\/uploads\/2025\/04\/1.jpg\",\"width\":208,\"height\":208},{\"@type\":\"BreadcrumbList\",\"@id\":\"https:\/\/pot-en-ciel.eu\/index.php\/nos-valeurs\/#breadcrumb\",\"itemListElement\":[{\"@type\":\"ListItem\",\"position\":1,\"name\":\"Accueil\",\"item\":\"https:\/\/pot-en-ciel.eu\/\"},{\"@type\":\"ListItem\",\"position\":2,\"name\":\"VALEURS\"}]},{\"@type\":\"WebSite\",\"@id\":\"https:\/\/pot-en-ciel.eu\/#website\",\"url\":\"https:\/\/pot-en-ciel.eu\/\",\"name\":\"Pot-en-ciel\",\"description\":\"Lib\u00e9rez Votre Potentiel\",\"publisher\":{\"@id\":\"https:\/\/pot-en-ciel.eu\/#organization\"},\"potentialAction\":[{\"@type\":\"SearchAction\",\"target\":{\"@type\":\"EntryPoint\",\"urlTemplate\":\"https:\/\/pot-en-ciel.eu\/?s={search_term_string}\"},\"query-input\":{\"@type\":\"PropertyValueSpecification\",\"valueRequired\":true,\"valueName\":\"search_term_string\"}}],\"inLanguage\":\"fr-FR\"},{\"@type\":\"Organization\",\"@id\":\"https:\/\/pot-en-ciel.eu\/#organization\",\"name\":\"Pot-en-ciel\",\"url\":\"https:\/\/pot-en-ciel.eu\/\",\"logo\":{\"@type\":\"ImageObject\",\"inLanguage\":\"fr-FR\",\"@id\":\"https:\/\/pot-en-ciel.eu\/#\/schema\/logo\/image\/\",\"url\":\"https:\/\/pot-en-ciel.eu\/wp-content\/uploads\/2025\/04\/cropped-cropped-Potenciel1_2_3_4.jpeg\",\"contentUrl\":\"https:\/\/pot-en-ciel.eu\/wp-content\/uploads\/2025\/04\/cropped-cropped-Potenciel1_2_3_4.jpeg\",\"width\":240,\"height\":115,\"caption\":\"Pot-en-ciel\"},\"image\":{\"@id\":\"https:\/\/pot-en-ciel.eu\/#\/schema\/logo\/image\/\"},\"sameAs\":[\"https:\/\/www.facebook.com\/pot.enciel.338#\",\"https:\/\/www.linkedin.com\/company\/pot-en-ciel-association\/\"]}]}<\/script>\n<!-- \/ Yoast SEO plugin. -->","yoast_head_json":{"title":"VALEURS -","robots":{"index":"index","follow":"follow","max-snippet":"max-snippet:-1","max-image-preview":"max-image-preview:large","max-video-preview":"max-video-preview:-1"},"canonical":"https:\/\/pot-en-ciel.eu\/index.php\/nos-valeurs\/","og_locale":"fr_FR","og_type":"article","og_title":"VALEURS -","og_url":"https:\/\/pot-en-ciel.eu\/index.php\/nos-valeurs\/","article_publisher":"https:\/\/www.facebook.com\/pot.enciel.338#","article_modified_time":"2025-04-22T20:08:56+00:00","og_image":[{"url":"https:\/\/pot-en-ciel.eu\/wp-content\/uploads\/2025\/04\/1.jpg","type":"","width":"","height":""}],"twitter_card":"summary_large_image","schema":{"@context":"https:\/\/schema.org","@graph":[{"@type":"WebPage","@id":"https:\/\/pot-en-ciel.eu\/index.php\/nos-valeurs\/","url":"https:\/\/pot-en-ciel.eu\/index.php\/nos-valeurs\/","name":"VALEURS -","isPartOf":{"@id":"https:\/\/pot-en-ciel.eu\/#website"},"primaryImageOfPage":{"@id":"https:\/\/pot-en-ciel.eu\/index.php\/nos-valeurs\/#primaryimage"},"image":{"@id":"https:\/\/pot-en-ciel.eu\/index.php\/nos-valeurs\/#primaryimage"},"thumbnailUrl":"https:\/\/pot-en-ciel.eu\/wp-content\/uploads\/2025\/04\/1.jpg","datePublished":"2025-04-16T14:20:54+00:00","dateModified":"2025-04-22T20:08:56+00:00","breadcrumb":{"@id":"https:\/\/pot-en-ciel.eu\/index.php\/nos-valeurs\/#breadcrumb"},"inLanguage":"fr-FR","potentialAction":[{"@type":"ReadAction","target":["https:\/\/pot-en-ciel.eu\/index.php\/nos-valeurs\/"]}]},{"@type":"ImageObject","inLanguage":"fr-FR","@id":"https:\/\/pot-en-ciel.eu\/index.php\/nos-valeurs\/#primaryimage","url":"https:\/\/pot-en-ciel.eu\/wp-content\/uploads\/2025\/04\/1.jpg","contentUrl":"https:\/\/pot-en-ciel.eu\/wp-content\/uploads\/2025\/04\/1.jpg","width":208,"height":208},{"@type":"BreadcrumbList","@id":"https:\/\/pot-en-ciel.eu\/index.php\/nos-valeurs\/#breadcrumb","itemListElement":[{"@type":"ListItem","position":1,"name":"Accueil","item":"https:\/\/pot-en-ciel.eu\/"},{"@type":"ListItem","position":2,"name":"VALEURS"}]},{"@type":"WebSite","@id":"https:\/\/pot-en-ciel.eu\/#website","url":"https:\/\/pot-en-ciel.eu\/","name":"Pot-en-ciel","description":"Lib\u00e9rez Votre Potentiel","publisher":{"@id":"https:\/\/pot-en-ciel.eu\/#organization"},"potentialAction":[{"@type":"SearchAction","target":{"@type":"EntryPoint","urlTemplate":"https:\/\/pot-en-ciel.eu\/?s={search_term_string}"},"query-input":{"@type":"PropertyValueSpecification","valueRequired":true,"valueName":"search_term_string"}}],"inLanguage":"fr-FR"},{"@type":"Organization","@id":"https:\/\/pot-en-ciel.eu\/#organization","name":"Pot-en-ciel","url":"https:\/\/pot-en-ciel.eu\/","logo":{"@type":"ImageObject","inLanguage":"fr-FR","@id":"https:\/\/pot-en-ciel.eu\/#\/schema\/logo\/image\/","url":"https:\/\/pot-en-ciel.eu\/wp-content\/uploads\/2025\/04\/cropped-cropped-Potenciel1_2_3_4.jpeg","contentUrl":"https:\/\/pot-en-ciel.eu\/wp-content\/uploads\/2025\/04\/cropped-cropped-Potenciel1_2_3_4.jpeg","width":240,"height":115,"caption":"Pot-en-ciel"},"image":{"@id":"https:\/\/pot-en-ciel.eu\/#\/schema\/logo\/image\/"},"sameAs":["https:\/\/www.facebook.com\/pot.enciel.338#","https:\/\/www.linkedin.com\/company\/pot-en-ciel-association\/"]}]}},"_links":{"self":[{"href":"https:\/\/pot-en-ciel.eu\/index.php\/wp-json\/wp\/v2\/pages\/202","targetHints":{"allow":["GET"]}}],"collection":[{"href":"https:\/\/pot-en-ciel.eu\/index.php\/wp-json\/wp\/v2\/pages"}],"about":[{"href":"https:\/\/pot-en-ciel.eu\/index.php\/wp-json\/wp\/v2\/types\/page"}],"author":[{"embeddable":true,"href":"https:\/\/pot-en-ciel.eu\/index.php\/wp-json\/wp\/v2\/users\/3"}],"replies":[{"embeddable":true,"href":"https:\/\/pot-en-ciel.eu\/index.php\/wp-json\/wp\/v2\/comments?post=202"}],"version-history":[{"count":23,"href":"https:\/\/pot-en-ciel.eu\/index.php\/wp-json\/wp\/v2\/pages\/202\/revisions"}],"predecessor-version":[{"id":509,"href":"https:\/\/pot-en-ciel.eu\/index.php\/wp-json\/wp\/v2\/pages\/202\/revisions\/509"}],"wp:attachment":[{"href":"https:\/\/pot-en-ciel.eu\/index.php\/wp-json\/wp\/v2\/media?parent=202"}],"curies":[{"name":"wp","href":"https:\/\/api.w.org\/{rel}","templated":true}]}}