{"id":204,"date":"2025-04-16T16:21:08","date_gmt":"2025-04-16T14:21:08","guid":{"rendered":"https:\/\/pot-en-ciel.eu\/?page_id=204"},"modified":"2025-06-11T18:20:56","modified_gmt":"2025-06-11T16:20:56","slug":"nos-intervenantes","status":"publish","type":"page","link":"https:\/\/pot-en-ciel.eu\/index.php\/nos-intervenantes\/","title":{"rendered":"INTERVENANTES"},"content":{"rendered":"\n<section style=\"padding: 60px 20px; background-color: #fff; font-family: 'Comic Sans MS', 'Segoe UI', sans-serif; text-align: center;\">\n  <h2 style=\"color: #ff5b8a; font-size: 36px; margin-bottom: 10px;\">\n    NOS INTERVENANTES :\n    <span style=\"font-weight: normal;\">3 profils, 3 approches ET<\/span>\n  <\/h2>\n  <p style=\"color: #ff5b8a; font-size: 22px; margin-bottom: 50px;\">\n    Une m\u00eame \u00e9nergie positive, HP, TDAH et multi potentielle !\n  <\/p>\n\n  <div style=\"display: flex; flex-wrap: wrap; justify-content: center; gap: 40px;\">\n\n    <!-- Genevi\u00e8ve -->\n    <div style=\"flex: 1; min-width: 250px; max-width: 300px; text-align: center;\">\n      <img decoding=\"async\" src=\"https:\/\/pot-en-ciel.eu\/wp-content\/uploads\/2025\/04\/GG-photo-miniature.png\" alt=\"Genevi\u00e8ve\" style=\"width: 100%; border-radius: 12px; margin-bottom: 15px;\">\n      <h3 style=\"color: #2d2d2d; font-weight: bold; font-size: 20px;\">Genevi\u00e8ve<\/h3>\n      <p style=\"color: #444; font-size: 15px; line-height: 1.6;\">\n        Avec sa personnalit\u00e9 p\u00e9tillante, Genevi\u00e8ve saura transformer chaque obstacle en opportunit\u00e9, en alliant son humour et sa cr\u00e9ativit\u00e9 pratique intuitive pour vous guider sur le chemin de la transformation du potentiel latent.\n      <\/p>\n    <\/div>\n\n    <!-- Sarah -->\n    <div style=\"flex: 1; min-width: 250px; max-width: 300px; text-align: center;\">\n      <img decoding=\"async\" src=\"https:\/\/pot-en-ciel.eu\/wp-content\/uploads\/2025\/05\/9dabdb02-6c61-4212-97df-9638240ff298.jpeg\" alt=\"Sarah\" style=\"width: 100%; border-radius: 12px; margin-bottom: 15px;\">\n      <h3 style=\"color: #2d2d2d; font-weight: bold; font-size: 20px;\">Sarah<\/h3>\n      <p style=\"color: #444; font-size: 15px; line-height: 1.6;\">\n        Avec sa personnalit\u00e9 intuitive-cr\u00e9ative, Sarah vous guide \u00e0 travers des univers de contes et de cr\u00e9ativit\u00e9 ludique pour faire \u00e9merger le potentiel sous un angle magique.\n      <\/p>\n    <\/div>\n\n    <!-- Liliane -->\n    <div style=\"flex: 1; min-width: 250px; max-width: 300px; text-align: center;\">\n      <img decoding=\"async\" src=\"https:\/\/pot-en-ciel.eu\/wp-content\/uploads\/2025\/05\/296df885-3fc9-43ce-a574-83c9e98234cd.jpeg\" alt=\"Liliane\" style=\"width: 100%; border-radius: 12px; margin-bottom: 15px;\">\n      <h3 style=\"color: #2d2d2d; font-weight: bold; font-size: 20px;\">Liliane<\/h3>\n      <p style=\"color: #444; font-size: 15px; line-height: 1.6;\">\n        Avec ses approches artistique et cr\u00e9ative, Liliane vous accompagne \u00e0 travers l&rsquo;art, la peinture et les r\u00e9cits pour explorer et lib\u00e9rer le potentiel \u00e0 travers la cr\u00e9ation.\n      <\/p>\n    <\/div>\n\n  <\/div>\n<\/section>\n\n","protected":false},"excerpt":{"rendered":"<p>NOS INTERVENANTES : 3 profils, 3 approches ET Une m\u00eame \u00e9nergie positive, HP, TDAH et multi potentielle ! Genevi\u00e8ve Avec sa personnalit\u00e9 p\u00e9tillante, Genevi\u00e8ve saura transformer chaque obstacle en opportunit\u00e9, en alliant son humour et sa cr\u00e9ativit\u00e9 pratique intuitive pour vous guider sur le chemin de la transformation du potentiel latent. Sarah Avec sa personnalit\u00e9 [&hellip;]<\/p>\n","protected":false},"author":3,"featured_media":0,"parent":0,"menu_order":0,"comment_status":"closed","ping_status":"closed","template":"","meta":{"_themeisle_gutenberg_block_has_review":false,"footnotes":""},"class_list":["post-204","page","type-page","status-publish","hentry"],"yoast_head":"<!-- This site is optimized with the Yoast SEO plugin v26.3 - https:\/\/yoast.com\/wordpress\/plugins\/seo\/ -->\n<title>INTERVENANTES -<\/title>\n<meta name=\"robots\" content=\"index, follow, max-snippet:-1, max-image-preview:large, max-video-preview:-1\" \/>\n<link rel=\"canonical\" href=\"https:\/\/pot-en-ciel.eu\/index.php\/nos-intervenantes\/\" \/>\n<meta property=\"og:locale\" content=\"fr_FR\" \/>\n<meta property=\"og:type\" content=\"article\" \/>\n<meta property=\"og:title\" content=\"INTERVENANTES -\" \/>\n<meta property=\"og:description\" content=\"NOS INTERVENANTES : 3 profils, 3 approches ET Une m\u00eame \u00e9nergie positive, HP, TDAH et multi potentielle ! Genevi\u00e8ve Avec sa personnalit\u00e9 p\u00e9tillante, Genevi\u00e8ve saura transformer chaque obstacle en opportunit\u00e9, en alliant son humour et sa cr\u00e9ativit\u00e9 pratique intuitive pour vous guider sur le chemin de la transformation du potentiel latent. Sarah Avec sa personnalit\u00e9 [&hellip;]\" \/>\n<meta property=\"og:url\" content=\"https:\/\/pot-en-ciel.eu\/index.php\/nos-intervenantes\/\" \/>\n<meta property=\"article:publisher\" content=\"https:\/\/www.facebook.com\/pot.enciel.338#\" \/>\n<meta property=\"article:modified_time\" content=\"2025-06-11T16:20:56+00:00\" \/>\n<meta property=\"og:image\" content=\"https:\/\/pot-en-ciel.eu\/wp-content\/uploads\/2025\/04\/GG-photo-miniature.png\" \/>\n<meta name=\"twitter:card\" content=\"summary_large_image\" \/>\n<meta name=\"twitter:label1\" content=\"Dur\u00e9e de lecture estim\u00e9e\" \/>\n\t<meta name=\"twitter:data1\" content=\"1 minute\" \/>\n<script type=\"application\/ld+json\" class=\"yoast-schema-graph\">{\"@context\":\"https:\/\/schema.org\",\"@graph\":[{\"@type\":\"WebPage\",\"@id\":\"https:\/\/pot-en-ciel.eu\/index.php\/nos-intervenantes\/\",\"url\":\"https:\/\/pot-en-ciel.eu\/index.php\/nos-intervenantes\/\",\"name\":\"INTERVENANTES -\",\"isPartOf\":{\"@id\":\"https:\/\/pot-en-ciel.eu\/#website\"},\"primaryImageOfPage\":{\"@id\":\"https:\/\/pot-en-ciel.eu\/index.php\/nos-intervenantes\/#primaryimage\"},\"image\":{\"@id\":\"https:\/\/pot-en-ciel.eu\/index.php\/nos-intervenantes\/#primaryimage\"},\"thumbnailUrl\":\"https:\/\/pot-en-ciel.eu\/wp-content\/uploads\/2025\/04\/GG-photo-miniature.png\",\"datePublished\":\"2025-04-16T14:21:08+00:00\",\"dateModified\":\"2025-06-11T16:20:56+00:00\",\"breadcrumb\":{\"@id\":\"https:\/\/pot-en-ciel.eu\/index.php\/nos-intervenantes\/#breadcrumb\"},\"inLanguage\":\"fr-FR\",\"potentialAction\":[{\"@type\":\"ReadAction\",\"target\":[\"https:\/\/pot-en-ciel.eu\/index.php\/nos-intervenantes\/\"]}]},{\"@type\":\"ImageObject\",\"inLanguage\":\"fr-FR\",\"@id\":\"https:\/\/pot-en-ciel.eu\/index.php\/nos-intervenantes\/#primaryimage\",\"url\":\"https:\/\/pot-en-ciel.eu\/wp-content\/uploads\/2025\/04\/GG-photo-miniature.png\",\"contentUrl\":\"https:\/\/pot-en-ciel.eu\/wp-content\/uploads\/2025\/04\/GG-photo-miniature.png\",\"width\":222,\"height\":267},{\"@type\":\"BreadcrumbList\",\"@id\":\"https:\/\/pot-en-ciel.eu\/index.php\/nos-intervenantes\/#breadcrumb\",\"itemListElement\":[{\"@type\":\"ListItem\",\"position\":1,\"name\":\"Accueil\",\"item\":\"https:\/\/pot-en-ciel.eu\/\"},{\"@type\":\"ListItem\",\"position\":2,\"name\":\"INTERVENANTES\"}]},{\"@type\":\"WebSite\",\"@id\":\"https:\/\/pot-en-ciel.eu\/#website\",\"url\":\"https:\/\/pot-en-ciel.eu\/\",\"name\":\"Pot-en-ciel\",\"description\":\"Lib\u00e9rez Votre Potentiel\",\"publisher\":{\"@id\":\"https:\/\/pot-en-ciel.eu\/#organization\"},\"potentialAction\":[{\"@type\":\"SearchAction\",\"target\":{\"@type\":\"EntryPoint\",\"urlTemplate\":\"https:\/\/pot-en-ciel.eu\/?s={search_term_string}\"},\"query-input\":{\"@type\":\"PropertyValueSpecification\",\"valueRequired\":true,\"valueName\":\"search_term_string\"}}],\"inLanguage\":\"fr-FR\"},{\"@type\":\"Organization\",\"@id\":\"https:\/\/pot-en-ciel.eu\/#organization\",\"name\":\"Pot-en-ciel\",\"url\":\"https:\/\/pot-en-ciel.eu\/\",\"logo\":{\"@type\":\"ImageObject\",\"inLanguage\":\"fr-FR\",\"@id\":\"https:\/\/pot-en-ciel.eu\/#\/schema\/logo\/image\/\",\"url\":\"https:\/\/pot-en-ciel.eu\/wp-content\/uploads\/2025\/04\/cropped-cropped-Potenciel1_2_3_4.jpeg\",\"contentUrl\":\"https:\/\/pot-en-ciel.eu\/wp-content\/uploads\/2025\/04\/cropped-cropped-Potenciel1_2_3_4.jpeg\",\"width\":240,\"height\":115,\"caption\":\"Pot-en-ciel\"},\"image\":{\"@id\":\"https:\/\/pot-en-ciel.eu\/#\/schema\/logo\/image\/\"},\"sameAs\":[\"https:\/\/www.facebook.com\/pot.enciel.338#\",\"https:\/\/www.linkedin.com\/company\/pot-en-ciel-association\/\"]}]}<\/script>\n<!-- \/ Yoast SEO plugin. -->","yoast_head_json":{"title":"INTERVENANTES -","robots":{"index":"index","follow":"follow","max-snippet":"max-snippet:-1","max-image-preview":"max-image-preview:large","max-video-preview":"max-video-preview:-1"},"canonical":"https:\/\/pot-en-ciel.eu\/index.php\/nos-intervenantes\/","og_locale":"fr_FR","og_type":"article","og_title":"INTERVENANTES -","og_description":"NOS INTERVENANTES : 3 profils, 3 approches ET Une m\u00eame \u00e9nergie positive, HP, TDAH et multi potentielle ! Genevi\u00e8ve Avec sa personnalit\u00e9 p\u00e9tillante, Genevi\u00e8ve saura transformer chaque obstacle en opportunit\u00e9, en alliant son humour et sa cr\u00e9ativit\u00e9 pratique intuitive pour vous guider sur le chemin de la transformation du potentiel latent. Sarah Avec sa personnalit\u00e9 [&hellip;]","og_url":"https:\/\/pot-en-ciel.eu\/index.php\/nos-intervenantes\/","article_publisher":"https:\/\/www.facebook.com\/pot.enciel.338#","article_modified_time":"2025-06-11T16:20:56+00:00","og_image":[{"url":"https:\/\/pot-en-ciel.eu\/wp-content\/uploads\/2025\/04\/GG-photo-miniature.png","type":"","width":"","height":""}],"twitter_card":"summary_large_image","twitter_misc":{"Dur\u00e9e de lecture estim\u00e9e":"1 minute"},"schema":{"@context":"https:\/\/schema.org","@graph":[{"@type":"WebPage","@id":"https:\/\/pot-en-ciel.eu\/index.php\/nos-intervenantes\/","url":"https:\/\/pot-en-ciel.eu\/index.php\/nos-intervenantes\/","name":"INTERVENANTES -","isPartOf":{"@id":"https:\/\/pot-en-ciel.eu\/#website"},"primaryImageOfPage":{"@id":"https:\/\/pot-en-ciel.eu\/index.php\/nos-intervenantes\/#primaryimage"},"image":{"@id":"https:\/\/pot-en-ciel.eu\/index.php\/nos-intervenantes\/#primaryimage"},"thumbnailUrl":"https:\/\/pot-en-ciel.eu\/wp-content\/uploads\/2025\/04\/GG-photo-miniature.png","datePublished":"2025-04-16T14:21:08+00:00","dateModified":"2025-06-11T16:20:56+00:00","breadcrumb":{"@id":"https:\/\/pot-en-ciel.eu\/index.php\/nos-intervenantes\/#breadcrumb"},"inLanguage":"fr-FR","potentialAction":[{"@type":"ReadAction","target":["https:\/\/pot-en-ciel.eu\/index.php\/nos-intervenantes\/"]}]},{"@type":"ImageObject","inLanguage":"fr-FR","@id":"https:\/\/pot-en-ciel.eu\/index.php\/nos-intervenantes\/#primaryimage","url":"https:\/\/pot-en-ciel.eu\/wp-content\/uploads\/2025\/04\/GG-photo-miniature.png","contentUrl":"https:\/\/pot-en-ciel.eu\/wp-content\/uploads\/2025\/04\/GG-photo-miniature.png","width":222,"height":267},{"@type":"BreadcrumbList","@id":"https:\/\/pot-en-ciel.eu\/index.php\/nos-intervenantes\/#breadcrumb","itemListElement":[{"@type":"ListItem","position":1,"name":"Accueil","item":"https:\/\/pot-en-ciel.eu\/"},{"@type":"ListItem","position":2,"name":"INTERVENANTES"}]},{"@type":"WebSite","@id":"https:\/\/pot-en-ciel.eu\/#website","url":"https:\/\/pot-en-ciel.eu\/","name":"Pot-en-ciel","description":"Lib\u00e9rez Votre Potentiel","publisher":{"@id":"https:\/\/pot-en-ciel.eu\/#organization"},"potentialAction":[{"@type":"SearchAction","target":{"@type":"EntryPoint","urlTemplate":"https:\/\/pot-en-ciel.eu\/?s={search_term_string}"},"query-input":{"@type":"PropertyValueSpecification","valueRequired":true,"valueName":"search_term_string"}}],"inLanguage":"fr-FR"},{"@type":"Organization","@id":"https:\/\/pot-en-ciel.eu\/#organization","name":"Pot-en-ciel","url":"https:\/\/pot-en-ciel.eu\/","logo":{"@type":"ImageObject","inLanguage":"fr-FR","@id":"https:\/\/pot-en-ciel.eu\/#\/schema\/logo\/image\/","url":"https:\/\/pot-en-ciel.eu\/wp-content\/uploads\/2025\/04\/cropped-cropped-Potenciel1_2_3_4.jpeg","contentUrl":"https:\/\/pot-en-ciel.eu\/wp-content\/uploads\/2025\/04\/cropped-cropped-Potenciel1_2_3_4.jpeg","width":240,"height":115,"caption":"Pot-en-ciel"},"image":{"@id":"https:\/\/pot-en-ciel.eu\/#\/schema\/logo\/image\/"},"sameAs":["https:\/\/www.facebook.com\/pot.enciel.338#","https:\/\/www.linkedin.com\/company\/pot-en-ciel-association\/"]}]}},"_links":{"self":[{"href":"https:\/\/pot-en-ciel.eu\/index.php\/wp-json\/wp\/v2\/pages\/204","targetHints":{"allow":["GET"]}}],"collection":[{"href":"https:\/\/pot-en-ciel.eu\/index.php\/wp-json\/wp\/v2\/pages"}],"about":[{"href":"https:\/\/pot-en-ciel.eu\/index.php\/wp-json\/wp\/v2\/types\/page"}],"author":[{"embeddable":true,"href":"https:\/\/pot-en-ciel.eu\/index.php\/wp-json\/wp\/v2\/users\/3"}],"replies":[{"embeddable":true,"href":"https:\/\/pot-en-ciel.eu\/index.php\/wp-json\/wp\/v2\/comments?post=204"}],"version-history":[{"count":12,"href":"https:\/\/pot-en-ciel.eu\/index.php\/wp-json\/wp\/v2\/pages\/204\/revisions"}],"predecessor-version":[{"id":568,"href":"https:\/\/pot-en-ciel.eu\/index.php\/wp-json\/wp\/v2\/pages\/204\/revisions\/568"}],"wp:attachment":[{"href":"https:\/\/pot-en-ciel.eu\/index.php\/wp-json\/wp\/v2\/media?parent=204"}],"curies":[{"name":"wp","href":"https:\/\/api.w.org\/{rel}","templated":true}]}}