{"id":464,"date":"2025-04-22T17:12:53","date_gmt":"2025-04-22T15:12:53","guid":{"rendered":"https:\/\/pot-en-ciel.eu\/?page_id=464"},"modified":"2025-06-11T18:05:06","modified_gmt":"2025-06-11T16:05:06","slug":"nos-specialites","status":"publish","type":"page","link":"https:\/\/pot-en-ciel.eu\/index.php\/nos-specialites\/","title":{"rendered":"SPECIALITES"},"content":{"rendered":"\n<section style=\"display: flex; flex-wrap: wrap; align-items: center; justify-content: center; padding: 50px 0; background-color: #ffffff;\">\n  <!-- Colonne Image -->\n  <div style=\"flex: 1; min-width: 300px; max-width: 500px; padding: 20px; text-align: center;\">\n    <img decoding=\"async\" src=\"https:\/\/pot-en-ciel.eu\/wp-content\/uploads\/2025\/04\/Nosspecialites.jpg\" alt=\"Femme souriante dans un bureau color\u00e9\" style=\"width: 100%; max-width: 300px; height: auto; border-radius: 12px;\">\n  <\/div>\n\n  <!-- Colonne Texte -->\n  <div style=\"flex: 1; min-width: 300px; max-width: 600px; padding: 20px;\">\n    <div style=\"color: #2d2d2d; font-family: 'Comic Sans MS', 'Segoe UI', cursive, sans-serif;\">\n      <h2 style=\"color: #ff5b8a; font-size: 32px; margin-bottom: 30px;\">NOS SP\u00c9CIALIT\u00c9S<\/h2>\n      <ul style=\"list-style: none; padding: 0; margin: 0;\">\n        \n        <!-- Bloc 1 -->\n        <li style=\"display: flex; align-items: flex-start; margin-bottom: 25px;\">\n          <span style=\"width: 24px; height: 24px; background-color: #d6c4f4; border-radius: 6px; display: inline-block; margin-right: 15px; margin-top: 5px;\"><\/span>\n          <div>\n            <strong>Carri\u00e8re, m\u00e9tier<\/strong>\n            <p style=\"margin: 5px 0 0; font-size: 15px; color: #555;\">\n              Orientation professionnelle.<br>\n              Reconversion professionnelle.<br>\n              Prise ou changement de poste\n            <\/p>\n          <\/div>\n        <\/li>\n\n        <!-- Bloc 2 -->\n        <li style=\"display: flex; align-items: flex-start; margin-bottom: 25px;\">\n          <span style=\"width: 24px; height: 24px; background-color: #d6c4f4; border-radius: 6px; display: inline-block; margin-right: 15px; margin-top: 5px;\"><\/span>\n          <div>\n            <strong>La retraite pour se r\u00e9inventer<\/strong>\n            <p style=\"margin: 5px 0 0; font-size: 15px; color: #555;\">\n              Trouver un autre sens \u00e0 la vie<br>\n              D\u00e9finir ses aspirations<br>\n              S\u00e9r\u00e9nit\u00e9, confiance, \u00e9panouissement\n            <\/p>\n          <\/div>\n        <\/li>\n\n        <!-- Bloc 3 -->\n        <li style=\"display: flex; align-items: flex-start; margin-bottom: 25px;\">\n          <span style=\"width: 24px; height: 24px; background-color: #d6c4f4; border-radius: 6px; display: inline-block; margin-right: 15px; margin-top: 5px;\"><\/span>\n          <div>\n            <strong>Communication &#038; relations<\/strong>\n            <p style=\"margin: 5px 0 0; font-size: 15px; color: #555;\">\n              R\u00e9solution des malentendus<br>\n              \u00c9changes constructifs, authentiques et respectueux<br>\n              Collaboration et compr\u00e9hension mutuelles\n            <\/p>\n          <\/div>\n        <\/li>\n\n        <!-- Bloc 4 -->\n        <li style=\"display: flex; align-items: flex-start; margin-bottom: 25px;\">\n          <span style=\"width: 24px; height: 24px; background-color: #d6c4f4; border-radius: 6px; display: inline-block; margin-right: 15px; margin-top: 5px;\"><\/span>\n          <div>\n            <strong>Le d\u00e9veloppement personnel global<\/strong>\n            <p style=\"margin: 5px 0 0; font-size: 15px; color: #555;\">\n              Chaque personne est unique et nous l&rsquo;accompagnons avec des solutions sur mesure.\n            <\/p>\n          <\/div>\n        <\/li>\n\n      <\/ul>\n    <\/div>\n  <\/div>\n<\/section>\n\n","protected":false},"excerpt":{"rendered":"<p>NOS SP\u00c9CIALIT\u00c9S Carri\u00e8re, m\u00e9tier Orientation professionnelle. Reconversion professionnelle. Prise ou changement de poste La retraite pour se r\u00e9inventer Trouver un autre sens \u00e0 la vie D\u00e9finir ses aspirations S\u00e9r\u00e9nit\u00e9, confiance, \u00e9panouissement Communication &#038; relations R\u00e9solution des malentendus \u00c9changes constructifs, authentiques et respectueux Collaboration et compr\u00e9hension mutuelles Le d\u00e9veloppement personnel global Chaque personne est unique et [&hellip;]<\/p>\n","protected":false},"author":3,"featured_media":0,"parent":0,"menu_order":0,"comment_status":"closed","ping_status":"closed","template":"","meta":{"_themeisle_gutenberg_block_has_review":false,"footnotes":""},"class_list":["post-464","page","type-page","status-publish","hentry"],"yoast_head":"<!-- This site is optimized with the Yoast SEO plugin v26.3 - https:\/\/yoast.com\/wordpress\/plugins\/seo\/ -->\n<title>SPECIALITES -<\/title>\n<meta name=\"robots\" content=\"index, follow, max-snippet:-1, max-image-preview:large, max-video-preview:-1\" \/>\n<link rel=\"canonical\" href=\"https:\/\/pot-en-ciel.eu\/index.php\/nos-specialites\/\" \/>\n<meta property=\"og:locale\" content=\"fr_FR\" \/>\n<meta property=\"og:type\" content=\"article\" \/>\n<meta property=\"og:title\" content=\"SPECIALITES -\" \/>\n<meta property=\"og:description\" content=\"NOS SP\u00c9CIALIT\u00c9S Carri\u00e8re, m\u00e9tier Orientation professionnelle. Reconversion professionnelle. Prise ou changement de poste La retraite pour se r\u00e9inventer Trouver un autre sens \u00e0 la vie D\u00e9finir ses aspirations S\u00e9r\u00e9nit\u00e9, confiance, \u00e9panouissement Communication &#038; relations R\u00e9solution des malentendus \u00c9changes constructifs, authentiques et respectueux Collaboration et compr\u00e9hension mutuelles Le d\u00e9veloppement personnel global Chaque personne est unique et [&hellip;]\" \/>\n<meta property=\"og:url\" content=\"https:\/\/pot-en-ciel.eu\/index.php\/nos-specialites\/\" \/>\n<meta property=\"article:publisher\" content=\"https:\/\/www.facebook.com\/pot.enciel.338#\" \/>\n<meta property=\"article:modified_time\" content=\"2025-06-11T16:05:06+00:00\" \/>\n<meta property=\"og:image\" content=\"https:\/\/pot-en-ciel.eu\/wp-content\/uploads\/2025\/04\/Nosspecialites.jpg\" \/>\n<meta name=\"twitter:card\" content=\"summary_large_image\" \/>\n<script type=\"application\/ld+json\" class=\"yoast-schema-graph\">{\"@context\":\"https:\/\/schema.org\",\"@graph\":[{\"@type\":\"WebPage\",\"@id\":\"https:\/\/pot-en-ciel.eu\/index.php\/nos-specialites\/\",\"url\":\"https:\/\/pot-en-ciel.eu\/index.php\/nos-specialites\/\",\"name\":\"SPECIALITES -\",\"isPartOf\":{\"@id\":\"https:\/\/pot-en-ciel.eu\/#website\"},\"primaryImageOfPage\":{\"@id\":\"https:\/\/pot-en-ciel.eu\/index.php\/nos-specialites\/#primaryimage\"},\"image\":{\"@id\":\"https:\/\/pot-en-ciel.eu\/index.php\/nos-specialites\/#primaryimage\"},\"thumbnailUrl\":\"https:\/\/pot-en-ciel.eu\/wp-content\/uploads\/2025\/04\/Nosspecialites.jpg\",\"datePublished\":\"2025-04-22T15:12:53+00:00\",\"dateModified\":\"2025-06-11T16:05:06+00:00\",\"breadcrumb\":{\"@id\":\"https:\/\/pot-en-ciel.eu\/index.php\/nos-specialites\/#breadcrumb\"},\"inLanguage\":\"fr-FR\",\"potentialAction\":[{\"@type\":\"ReadAction\",\"target\":[\"https:\/\/pot-en-ciel.eu\/index.php\/nos-specialites\/\"]}]},{\"@type\":\"ImageObject\",\"inLanguage\":\"fr-FR\",\"@id\":\"https:\/\/pot-en-ciel.eu\/index.php\/nos-specialites\/#primaryimage\",\"url\":\"https:\/\/pot-en-ciel.eu\/wp-content\/uploads\/2025\/04\/Nosspecialites.jpg\",\"contentUrl\":\"https:\/\/pot-en-ciel.eu\/wp-content\/uploads\/2025\/04\/Nosspecialites.jpg\",\"width\":900,\"height\":1350},{\"@type\":\"BreadcrumbList\",\"@id\":\"https:\/\/pot-en-ciel.eu\/index.php\/nos-specialites\/#breadcrumb\",\"itemListElement\":[{\"@type\":\"ListItem\",\"position\":1,\"name\":\"Accueil\",\"item\":\"https:\/\/pot-en-ciel.eu\/\"},{\"@type\":\"ListItem\",\"position\":2,\"name\":\"SPECIALITES\"}]},{\"@type\":\"WebSite\",\"@id\":\"https:\/\/pot-en-ciel.eu\/#website\",\"url\":\"https:\/\/pot-en-ciel.eu\/\",\"name\":\"Pot-en-ciel\",\"description\":\"Lib\u00e9rez Votre Potentiel\",\"publisher\":{\"@id\":\"https:\/\/pot-en-ciel.eu\/#organization\"},\"potentialAction\":[{\"@type\":\"SearchAction\",\"target\":{\"@type\":\"EntryPoint\",\"urlTemplate\":\"https:\/\/pot-en-ciel.eu\/?s={search_term_string}\"},\"query-input\":{\"@type\":\"PropertyValueSpecification\",\"valueRequired\":true,\"valueName\":\"search_term_string\"}}],\"inLanguage\":\"fr-FR\"},{\"@type\":\"Organization\",\"@id\":\"https:\/\/pot-en-ciel.eu\/#organization\",\"name\":\"Pot-en-ciel\",\"url\":\"https:\/\/pot-en-ciel.eu\/\",\"logo\":{\"@type\":\"ImageObject\",\"inLanguage\":\"fr-FR\",\"@id\":\"https:\/\/pot-en-ciel.eu\/#\/schema\/logo\/image\/\",\"url\":\"https:\/\/pot-en-ciel.eu\/wp-content\/uploads\/2025\/04\/cropped-cropped-Potenciel1_2_3_4.jpeg\",\"contentUrl\":\"https:\/\/pot-en-ciel.eu\/wp-content\/uploads\/2025\/04\/cropped-cropped-Potenciel1_2_3_4.jpeg\",\"width\":240,\"height\":115,\"caption\":\"Pot-en-ciel\"},\"image\":{\"@id\":\"https:\/\/pot-en-ciel.eu\/#\/schema\/logo\/image\/\"},\"sameAs\":[\"https:\/\/www.facebook.com\/pot.enciel.338#\",\"https:\/\/www.linkedin.com\/company\/pot-en-ciel-association\/\"]}]}<\/script>\n<!-- \/ Yoast SEO plugin. -->","yoast_head_json":{"title":"SPECIALITES -","robots":{"index":"index","follow":"follow","max-snippet":"max-snippet:-1","max-image-preview":"max-image-preview:large","max-video-preview":"max-video-preview:-1"},"canonical":"https:\/\/pot-en-ciel.eu\/index.php\/nos-specialites\/","og_locale":"fr_FR","og_type":"article","og_title":"SPECIALITES -","og_description":"NOS SP\u00c9CIALIT\u00c9S Carri\u00e8re, m\u00e9tier Orientation professionnelle. Reconversion professionnelle. Prise ou changement de poste La retraite pour se r\u00e9inventer Trouver un autre sens \u00e0 la vie D\u00e9finir ses aspirations S\u00e9r\u00e9nit\u00e9, confiance, \u00e9panouissement Communication &#038; relations R\u00e9solution des malentendus \u00c9changes constructifs, authentiques et respectueux Collaboration et compr\u00e9hension mutuelles Le d\u00e9veloppement personnel global Chaque personne est unique et [&hellip;]","og_url":"https:\/\/pot-en-ciel.eu\/index.php\/nos-specialites\/","article_publisher":"https:\/\/www.facebook.com\/pot.enciel.338#","article_modified_time":"2025-06-11T16:05:06+00:00","og_image":[{"url":"https:\/\/pot-en-ciel.eu\/wp-content\/uploads\/2025\/04\/Nosspecialites.jpg","type":"","width":"","height":""}],"twitter_card":"summary_large_image","schema":{"@context":"https:\/\/schema.org","@graph":[{"@type":"WebPage","@id":"https:\/\/pot-en-ciel.eu\/index.php\/nos-specialites\/","url":"https:\/\/pot-en-ciel.eu\/index.php\/nos-specialites\/","name":"SPECIALITES -","isPartOf":{"@id":"https:\/\/pot-en-ciel.eu\/#website"},"primaryImageOfPage":{"@id":"https:\/\/pot-en-ciel.eu\/index.php\/nos-specialites\/#primaryimage"},"image":{"@id":"https:\/\/pot-en-ciel.eu\/index.php\/nos-specialites\/#primaryimage"},"thumbnailUrl":"https:\/\/pot-en-ciel.eu\/wp-content\/uploads\/2025\/04\/Nosspecialites.jpg","datePublished":"2025-04-22T15:12:53+00:00","dateModified":"2025-06-11T16:05:06+00:00","breadcrumb":{"@id":"https:\/\/pot-en-ciel.eu\/index.php\/nos-specialites\/#breadcrumb"},"inLanguage":"fr-FR","potentialAction":[{"@type":"ReadAction","target":["https:\/\/pot-en-ciel.eu\/index.php\/nos-specialites\/"]}]},{"@type":"ImageObject","inLanguage":"fr-FR","@id":"https:\/\/pot-en-ciel.eu\/index.php\/nos-specialites\/#primaryimage","url":"https:\/\/pot-en-ciel.eu\/wp-content\/uploads\/2025\/04\/Nosspecialites.jpg","contentUrl":"https:\/\/pot-en-ciel.eu\/wp-content\/uploads\/2025\/04\/Nosspecialites.jpg","width":900,"height":1350},{"@type":"BreadcrumbList","@id":"https:\/\/pot-en-ciel.eu\/index.php\/nos-specialites\/#breadcrumb","itemListElement":[{"@type":"ListItem","position":1,"name":"Accueil","item":"https:\/\/pot-en-ciel.eu\/"},{"@type":"ListItem","position":2,"name":"SPECIALITES"}]},{"@type":"WebSite","@id":"https:\/\/pot-en-ciel.eu\/#website","url":"https:\/\/pot-en-ciel.eu\/","name":"Pot-en-ciel","description":"Lib\u00e9rez Votre Potentiel","publisher":{"@id":"https:\/\/pot-en-ciel.eu\/#organization"},"potentialAction":[{"@type":"SearchAction","target":{"@type":"EntryPoint","urlTemplate":"https:\/\/pot-en-ciel.eu\/?s={search_term_string}"},"query-input":{"@type":"PropertyValueSpecification","valueRequired":true,"valueName":"search_term_string"}}],"inLanguage":"fr-FR"},{"@type":"Organization","@id":"https:\/\/pot-en-ciel.eu\/#organization","name":"Pot-en-ciel","url":"https:\/\/pot-en-ciel.eu\/","logo":{"@type":"ImageObject","inLanguage":"fr-FR","@id":"https:\/\/pot-en-ciel.eu\/#\/schema\/logo\/image\/","url":"https:\/\/pot-en-ciel.eu\/wp-content\/uploads\/2025\/04\/cropped-cropped-Potenciel1_2_3_4.jpeg","contentUrl":"https:\/\/pot-en-ciel.eu\/wp-content\/uploads\/2025\/04\/cropped-cropped-Potenciel1_2_3_4.jpeg","width":240,"height":115,"caption":"Pot-en-ciel"},"image":{"@id":"https:\/\/pot-en-ciel.eu\/#\/schema\/logo\/image\/"},"sameAs":["https:\/\/www.facebook.com\/pot.enciel.338#","https:\/\/www.linkedin.com\/company\/pot-en-ciel-association\/"]}]}},"_links":{"self":[{"href":"https:\/\/pot-en-ciel.eu\/index.php\/wp-json\/wp\/v2\/pages\/464","targetHints":{"allow":["GET"]}}],"collection":[{"href":"https:\/\/pot-en-ciel.eu\/index.php\/wp-json\/wp\/v2\/pages"}],"about":[{"href":"https:\/\/pot-en-ciel.eu\/index.php\/wp-json\/wp\/v2\/types\/page"}],"author":[{"embeddable":true,"href":"https:\/\/pot-en-ciel.eu\/index.php\/wp-json\/wp\/v2\/users\/3"}],"replies":[{"embeddable":true,"href":"https:\/\/pot-en-ciel.eu\/index.php\/wp-json\/wp\/v2\/comments?post=464"}],"version-history":[{"count":10,"href":"https:\/\/pot-en-ciel.eu\/index.php\/wp-json\/wp\/v2\/pages\/464\/revisions"}],"predecessor-version":[{"id":560,"href":"https:\/\/pot-en-ciel.eu\/index.php\/wp-json\/wp\/v2\/pages\/464\/revisions\/560"}],"wp:attachment":[{"href":"https:\/\/pot-en-ciel.eu\/index.php\/wp-json\/wp\/v2\/media?parent=464"}],"curies":[{"name":"wp","href":"https:\/\/api.w.org\/{rel}","templated":true}]}}