{"id":527,"date":"2025-05-19T19:15:58","date_gmt":"2025-05-19T17:15:58","guid":{"rendered":"https:\/\/pot-en-ciel.eu\/?page_id=527"},"modified":"2025-11-13T10:21:43","modified_gmt":"2025-11-13T09:21:43","slug":"yoga-du-rire-rigologie","status":"publish","type":"page","link":"https:\/\/pot-en-ciel.eu\/index.php\/nos-services\/yoga-du-rire-rigologie\/","title":{"rendered":"Yoga du Rire\/Rigologie"},"content":{"rendered":"\n<p>\n<div style=\"display: flex; align-items: center; justify-content: center; background-color: #f5f2fd; padding: 40px; border-radius: 10px; gap: 40px; flex-wrap: wrap;\">\n  <!-- Colonne gauche : image -->\n  <div style=\"flex: 1; min-width: 300px; max-width: 50%;\">\n    <img decoding=\"async\" src=\"https:\/\/pot-en-ciel.eu\/wp-content\/uploads\/2025\/05\/yogadurire.jpeg\" alt=\"Coaching individuel\" style=\"width: 100%; border-radius: 10px; box-shadow: 0 4px 15px rgba(0, 0, 0, 0.1);\">\n  <\/div>\n\n  <!-- Colonne droite : texte -->\n  <div style=\"flex: 1; min-width: 300px; max-width: 50%; background-color: #e3d9fb; padding: 30px; border-radius: 10px; font-size: 18px; line-height: 1.6; color: #2d2d2d;\">\n    <p>\n      Nous dispensons des s\u00e9ances dynamiques qui favorisent le bien-\u00eatre, r\u00e9duisent le stress et renforcent la coh\u00e9sion, tout en apportant des moments de joie partag\u00e9e.\n    <\/p>\n  <\/div>\n<\/div>\n\n<!-- Image ajout\u00e9e \u00e0 la suite -->\n<div style=\"text-align: center; margin-top: 30px;\">\n\n  <a href=\"https:\/\/www.clubs-de-yoga-du-rire.com\/\" target=\"_blank\" style=\"text-decoration: none; color: inherit;\">\n    <b>https:\/\/www.clubs-de-yoga-du-rire.com\/<\/b>\n    <p><\/p>\n    <img decoding=\"async\" src=\"https:\/\/pot-en-ciel.eu\/wp-content\/uploads\/2025\/11\/annuaire.ydr-1.png\" \n         alt=\"Annuaire Yoga du Rire\" \n         style=\"max-width: 250px; width: 100%;\">\n  <\/a>\n\n<\/div>\n\n","protected":false},"excerpt":{"rendered":"<p>Nous dispensons des s\u00e9ances dynamiques qui favorisent le bien-\u00eatre, r\u00e9duisent le stress et renforcent la coh\u00e9sion, tout en apportant des moments de joie partag\u00e9e. https:\/\/www.clubs-de-yoga-du-rire.com\/<\/p>\n","protected":false},"author":3,"featured_media":0,"parent":64,"menu_order":0,"comment_status":"closed","ping_status":"closed","template":"","meta":{"_themeisle_gutenberg_block_has_review":false,"footnotes":""},"class_list":["post-527","page","type-page","status-publish","hentry"],"yoast_head":"<!-- This site is optimized with the Yoast SEO plugin v26.3 - https:\/\/yoast.com\/wordpress\/plugins\/seo\/ -->\n<title>Yoga du Rire\/Rigologie -<\/title>\n<meta name=\"robots\" content=\"index, follow, max-snippet:-1, max-image-preview:large, max-video-preview:-1\" \/>\n<link rel=\"canonical\" href=\"https:\/\/pot-en-ciel.eu\/index.php\/nos-services\/yoga-du-rire-rigologie\/\" \/>\n<meta property=\"og:locale\" content=\"fr_FR\" \/>\n<meta property=\"og:type\" content=\"article\" \/>\n<meta property=\"og:title\" content=\"Yoga du Rire\/Rigologie -\" \/>\n<meta property=\"og:description\" content=\"Nous dispensons des s\u00e9ances dynamiques qui favorisent le bien-\u00eatre, r\u00e9duisent le stress et renforcent la coh\u00e9sion, tout en apportant des moments de joie partag\u00e9e. https:\/\/www.clubs-de-yoga-du-rire.com\/\" \/>\n<meta property=\"og:url\" content=\"https:\/\/pot-en-ciel.eu\/index.php\/nos-services\/yoga-du-rire-rigologie\/\" \/>\n<meta property=\"article:publisher\" content=\"https:\/\/www.facebook.com\/pot.enciel.338#\" \/>\n<meta property=\"article:modified_time\" content=\"2025-11-13T09:21:43+00:00\" \/>\n<meta property=\"og:image\" content=\"https:\/\/pot-en-ciel.eu\/wp-content\/uploads\/2025\/05\/yogadurire.jpeg\" \/>\n<meta name=\"twitter:card\" content=\"summary_large_image\" \/>\n<meta name=\"twitter:label1\" content=\"Dur\u00e9e de lecture estim\u00e9e\" \/>\n\t<meta name=\"twitter:data1\" content=\"1 minute\" \/>\n<script type=\"application\/ld+json\" class=\"yoast-schema-graph\">{\"@context\":\"https:\/\/schema.org\",\"@graph\":[{\"@type\":\"WebPage\",\"@id\":\"https:\/\/pot-en-ciel.eu\/index.php\/nos-services\/yoga-du-rire-rigologie\/\",\"url\":\"https:\/\/pot-en-ciel.eu\/index.php\/nos-services\/yoga-du-rire-rigologie\/\",\"name\":\"Yoga du Rire\/Rigologie -\",\"isPartOf\":{\"@id\":\"https:\/\/pot-en-ciel.eu\/#website\"},\"primaryImageOfPage\":{\"@id\":\"https:\/\/pot-en-ciel.eu\/index.php\/nos-services\/yoga-du-rire-rigologie\/#primaryimage\"},\"image\":{\"@id\":\"https:\/\/pot-en-ciel.eu\/index.php\/nos-services\/yoga-du-rire-rigologie\/#primaryimage\"},\"thumbnailUrl\":\"https:\/\/pot-en-ciel.eu\/wp-content\/uploads\/2025\/05\/yogadurire.jpeg\",\"datePublished\":\"2025-05-19T17:15:58+00:00\",\"dateModified\":\"2025-11-13T09:21:43+00:00\",\"breadcrumb\":{\"@id\":\"https:\/\/pot-en-ciel.eu\/index.php\/nos-services\/yoga-du-rire-rigologie\/#breadcrumb\"},\"inLanguage\":\"fr-FR\",\"potentialAction\":[{\"@type\":\"ReadAction\",\"target\":[\"https:\/\/pot-en-ciel.eu\/index.php\/nos-services\/yoga-du-rire-rigologie\/\"]}]},{\"@type\":\"ImageObject\",\"inLanguage\":\"fr-FR\",\"@id\":\"https:\/\/pot-en-ciel.eu\/index.php\/nos-services\/yoga-du-rire-rigologie\/#primaryimage\",\"url\":\"https:\/\/pot-en-ciel.eu\/wp-content\/uploads\/2025\/05\/yogadurire.jpeg\",\"contentUrl\":\"https:\/\/pot-en-ciel.eu\/wp-content\/uploads\/2025\/05\/yogadurire.jpeg\",\"width\":1024,\"height\":1024},{\"@type\":\"BreadcrumbList\",\"@id\":\"https:\/\/pot-en-ciel.eu\/index.php\/nos-services\/yoga-du-rire-rigologie\/#breadcrumb\",\"itemListElement\":[{\"@type\":\"ListItem\",\"position\":1,\"name\":\"Accueil\",\"item\":\"https:\/\/pot-en-ciel.eu\/\"},{\"@type\":\"ListItem\",\"position\":2,\"name\":\"SERVICES\",\"item\":\"https:\/\/pot-en-ciel.eu\/index.php\/nos-services\/\"},{\"@type\":\"ListItem\",\"position\":3,\"name\":\"Yoga du Rire\/Rigologie\"}]},{\"@type\":\"WebSite\",\"@id\":\"https:\/\/pot-en-ciel.eu\/#website\",\"url\":\"https:\/\/pot-en-ciel.eu\/\",\"name\":\"Pot-en-ciel\",\"description\":\"Lib\u00e9rez Votre Potentiel\",\"publisher\":{\"@id\":\"https:\/\/pot-en-ciel.eu\/#organization\"},\"potentialAction\":[{\"@type\":\"SearchAction\",\"target\":{\"@type\":\"EntryPoint\",\"urlTemplate\":\"https:\/\/pot-en-ciel.eu\/?s={search_term_string}\"},\"query-input\":{\"@type\":\"PropertyValueSpecification\",\"valueRequired\":true,\"valueName\":\"search_term_string\"}}],\"inLanguage\":\"fr-FR\"},{\"@type\":\"Organization\",\"@id\":\"https:\/\/pot-en-ciel.eu\/#organization\",\"name\":\"Pot-en-ciel\",\"url\":\"https:\/\/pot-en-ciel.eu\/\",\"logo\":{\"@type\":\"ImageObject\",\"inLanguage\":\"fr-FR\",\"@id\":\"https:\/\/pot-en-ciel.eu\/#\/schema\/logo\/image\/\",\"url\":\"https:\/\/pot-en-ciel.eu\/wp-content\/uploads\/2025\/04\/cropped-cropped-Potenciel1_2_3_4.jpeg\",\"contentUrl\":\"https:\/\/pot-en-ciel.eu\/wp-content\/uploads\/2025\/04\/cropped-cropped-Potenciel1_2_3_4.jpeg\",\"width\":240,\"height\":115,\"caption\":\"Pot-en-ciel\"},\"image\":{\"@id\":\"https:\/\/pot-en-ciel.eu\/#\/schema\/logo\/image\/\"},\"sameAs\":[\"https:\/\/www.facebook.com\/pot.enciel.338#\",\"https:\/\/www.linkedin.com\/company\/pot-en-ciel-association\/\"]}]}<\/script>\n<!-- \/ Yoast SEO plugin. -->","yoast_head_json":{"title":"Yoga du Rire\/Rigologie -","robots":{"index":"index","follow":"follow","max-snippet":"max-snippet:-1","max-image-preview":"max-image-preview:large","max-video-preview":"max-video-preview:-1"},"canonical":"https:\/\/pot-en-ciel.eu\/index.php\/nos-services\/yoga-du-rire-rigologie\/","og_locale":"fr_FR","og_type":"article","og_title":"Yoga du Rire\/Rigologie -","og_description":"Nous dispensons des s\u00e9ances dynamiques qui favorisent le bien-\u00eatre, r\u00e9duisent le stress et renforcent la coh\u00e9sion, tout en apportant des moments de joie partag\u00e9e. https:\/\/www.clubs-de-yoga-du-rire.com\/","og_url":"https:\/\/pot-en-ciel.eu\/index.php\/nos-services\/yoga-du-rire-rigologie\/","article_publisher":"https:\/\/www.facebook.com\/pot.enciel.338#","article_modified_time":"2025-11-13T09:21:43+00:00","og_image":[{"url":"https:\/\/pot-en-ciel.eu\/wp-content\/uploads\/2025\/05\/yogadurire.jpeg","type":"","width":"","height":""}],"twitter_card":"summary_large_image","twitter_misc":{"Dur\u00e9e de lecture estim\u00e9e":"1 minute"},"schema":{"@context":"https:\/\/schema.org","@graph":[{"@type":"WebPage","@id":"https:\/\/pot-en-ciel.eu\/index.php\/nos-services\/yoga-du-rire-rigologie\/","url":"https:\/\/pot-en-ciel.eu\/index.php\/nos-services\/yoga-du-rire-rigologie\/","name":"Yoga du Rire\/Rigologie -","isPartOf":{"@id":"https:\/\/pot-en-ciel.eu\/#website"},"primaryImageOfPage":{"@id":"https:\/\/pot-en-ciel.eu\/index.php\/nos-services\/yoga-du-rire-rigologie\/#primaryimage"},"image":{"@id":"https:\/\/pot-en-ciel.eu\/index.php\/nos-services\/yoga-du-rire-rigologie\/#primaryimage"},"thumbnailUrl":"https:\/\/pot-en-ciel.eu\/wp-content\/uploads\/2025\/05\/yogadurire.jpeg","datePublished":"2025-05-19T17:15:58+00:00","dateModified":"2025-11-13T09:21:43+00:00","breadcrumb":{"@id":"https:\/\/pot-en-ciel.eu\/index.php\/nos-services\/yoga-du-rire-rigologie\/#breadcrumb"},"inLanguage":"fr-FR","potentialAction":[{"@type":"ReadAction","target":["https:\/\/pot-en-ciel.eu\/index.php\/nos-services\/yoga-du-rire-rigologie\/"]}]},{"@type":"ImageObject","inLanguage":"fr-FR","@id":"https:\/\/pot-en-ciel.eu\/index.php\/nos-services\/yoga-du-rire-rigologie\/#primaryimage","url":"https:\/\/pot-en-ciel.eu\/wp-content\/uploads\/2025\/05\/yogadurire.jpeg","contentUrl":"https:\/\/pot-en-ciel.eu\/wp-content\/uploads\/2025\/05\/yogadurire.jpeg","width":1024,"height":1024},{"@type":"BreadcrumbList","@id":"https:\/\/pot-en-ciel.eu\/index.php\/nos-services\/yoga-du-rire-rigologie\/#breadcrumb","itemListElement":[{"@type":"ListItem","position":1,"name":"Accueil","item":"https:\/\/pot-en-ciel.eu\/"},{"@type":"ListItem","position":2,"name":"SERVICES","item":"https:\/\/pot-en-ciel.eu\/index.php\/nos-services\/"},{"@type":"ListItem","position":3,"name":"Yoga du Rire\/Rigologie"}]},{"@type":"WebSite","@id":"https:\/\/pot-en-ciel.eu\/#website","url":"https:\/\/pot-en-ciel.eu\/","name":"Pot-en-ciel","description":"Lib\u00e9rez Votre Potentiel","publisher":{"@id":"https:\/\/pot-en-ciel.eu\/#organization"},"potentialAction":[{"@type":"SearchAction","target":{"@type":"EntryPoint","urlTemplate":"https:\/\/pot-en-ciel.eu\/?s={search_term_string}"},"query-input":{"@type":"PropertyValueSpecification","valueRequired":true,"valueName":"search_term_string"}}],"inLanguage":"fr-FR"},{"@type":"Organization","@id":"https:\/\/pot-en-ciel.eu\/#organization","name":"Pot-en-ciel","url":"https:\/\/pot-en-ciel.eu\/","logo":{"@type":"ImageObject","inLanguage":"fr-FR","@id":"https:\/\/pot-en-ciel.eu\/#\/schema\/logo\/image\/","url":"https:\/\/pot-en-ciel.eu\/wp-content\/uploads\/2025\/04\/cropped-cropped-Potenciel1_2_3_4.jpeg","contentUrl":"https:\/\/pot-en-ciel.eu\/wp-content\/uploads\/2025\/04\/cropped-cropped-Potenciel1_2_3_4.jpeg","width":240,"height":115,"caption":"Pot-en-ciel"},"image":{"@id":"https:\/\/pot-en-ciel.eu\/#\/schema\/logo\/image\/"},"sameAs":["https:\/\/www.facebook.com\/pot.enciel.338#","https:\/\/www.linkedin.com\/company\/pot-en-ciel-association\/"]}]}},"_links":{"self":[{"href":"https:\/\/pot-en-ciel.eu\/index.php\/wp-json\/wp\/v2\/pages\/527","targetHints":{"allow":["GET"]}}],"collection":[{"href":"https:\/\/pot-en-ciel.eu\/index.php\/wp-json\/wp\/v2\/pages"}],"about":[{"href":"https:\/\/pot-en-ciel.eu\/index.php\/wp-json\/wp\/v2\/types\/page"}],"author":[{"embeddable":true,"href":"https:\/\/pot-en-ciel.eu\/index.php\/wp-json\/wp\/v2\/users\/3"}],"replies":[{"embeddable":true,"href":"https:\/\/pot-en-ciel.eu\/index.php\/wp-json\/wp\/v2\/comments?post=527"}],"version-history":[{"count":9,"href":"https:\/\/pot-en-ciel.eu\/index.php\/wp-json\/wp\/v2\/pages\/527\/revisions"}],"predecessor-version":[{"id":592,"href":"https:\/\/pot-en-ciel.eu\/index.php\/wp-json\/wp\/v2\/pages\/527\/revisions\/592"}],"up":[{"embeddable":true,"href":"https:\/\/pot-en-ciel.eu\/index.php\/wp-json\/wp\/v2\/pages\/64"}],"wp:attachment":[{"href":"https:\/\/pot-en-ciel.eu\/index.php\/wp-json\/wp\/v2\/media?parent=527"}],"curies":[{"name":"wp","href":"https:\/\/api.w.org\/{rel}","templated":true}]}}