{"id":64,"date":"2025-04-07T22:11:49","date_gmt":"2025-04-07T20:11:49","guid":{"rendered":"https:\/\/pot-en-ciel.eu\/?page_id=64"},"modified":"2025-11-17T18:46:04","modified_gmt":"2025-11-17T17:46:04","slug":"nos-services","status":"publish","type":"page","link":"https:\/\/pot-en-ciel.eu\/index.php\/nos-services\/","title":{"rendered":"SERVICES"},"content":{"rendered":"\n<style>\n  .services-wrapper {\n    display: flex;\n    flex-wrap: wrap;\n    background-color: #fff;\n    font-family: sans-serif;\n    min-height: 100vh;\n    margin: 0 auto;\n    max-width: 1200px;\n    padding: 2rem 1rem;\n    box-sizing: border-box;\n  }\n\n  .services-left {\n    flex: 1 1 50%;\n    padding: 2rem;\n    box-sizing: border-box;\n  }\n\n  .services-left h2 {\n    color: #f94e9b;\n    font-size: 2.5rem;\n    font-weight: bold;\n    margin-bottom: 2rem;\n    text-align: center;\n  }\n\n  .service-block {\n    background-color: #e6d9f7;\n    border-radius: 12px;\n    padding: 1.5rem;\n    margin-bottom: 1.5rem;\n    color: #000;\n  }\n\n  .service-block h3 {\n    font-weight: bold;\n    margin-bottom: 1rem;\n  }\n\n  .services-right {\n    flex: 1 1 50%;\n    background-image: url('https:\/\/pot-en-ciel.eu\/wp-content\/uploads\/2025\/04\/services.png');\n    background-size: cover;\n    background-position: center;\n    border-radius: 12px;\n    min-height: 400px;\n  }\n\n  @media (max-width: 900px) {\n    .services-wrapper {\n      flex-direction: column;\n    }\n\n    .services-right {\n      height: 300px;\n      margin-top: 2rem;\n    }\n  }\n<\/style>\n\n<div class=\"services-wrapper\">\n  <div class=\"services-left\">\n\n    <div class=\"service-block\">\n      <h3>Ateliers Coh\u00e9sion\/Team Building<\/h3>\n      <p>\n        Nous accompagnons vos \u00e9quipes \u00e0 d\u00e9passer les obstacles, \u00e0 se reconnecter \u00e0 leur \u00e9nergie interne et leur motivation pour cr\u00e9er un environnement de travail \u00e9panouissant.\n      <\/p>\n    <\/div>\n\n    <div class=\"service-block\">\n      <h3>Ateliers cr\u00e9atifs et bien-\u00eatre<\/h3>\n      <p>\n        Nos ateliers ludiques utilisent la cr\u00e9ativit\u00e9 pour d\u00e9velopper l&rsquo;intelligence \u00e9motionnelle, \n        la confiance en soi, la coh\u00e9sion d&rsquo;\u00e9quipe et r\u00e9duire le stress.\n      <\/p>\n    <\/div>\n\n    <div class=\"service-block\">\n      <h3>Coaching personnalis\u00e9<\/h3>\n      <p>\n        Nous offrons un accompagnement individuel pour ceux qui cherchent \u00e0 clarifier leurs objectifs \n        ou \u00e0 s&rsquo;\u00e9panouir dans leur vie personnelle ou professionnelle.\n      <\/p>\n    <\/div>\n\n    <!-- \u2b50 NOUVEAU BLOC AJOUT\u00c9 ICI \u2b50 -->\n    <div class=\"service-block\">\n      <h3>Yoga du Rire\/Rigologie<\/h3>\n      <p>\n        Nous dispensons des s\u00e9ances dynamiques qui favorisent le bien-\u00eatre, r\u00e9duisent le stress et renforcent \n        la coh\u00e9sion, tout en apportant des moments de joie partag\u00e9e.\n      <\/p>\n    <\/div>\n\n  <\/div>\n\n  <div class=\"services-right\"><\/div>\n<\/div>\n\n","protected":false},"excerpt":{"rendered":"<p>Ateliers Coh\u00e9sion\/Team Building Nous accompagnons vos \u00e9quipes \u00e0 d\u00e9passer les obstacles, \u00e0 se reconnecter \u00e0 leur \u00e9nergie interne et leur motivation pour cr\u00e9er un environnement de travail \u00e9panouissant. Ateliers cr\u00e9atifs et bien-\u00eatre Nos ateliers ludiques utilisent la cr\u00e9ativit\u00e9 pour d\u00e9velopper l&rsquo;intelligence \u00e9motionnelle, la confiance en soi, la coh\u00e9sion d&rsquo;\u00e9quipe et r\u00e9duire le stress. Coaching personnalis\u00e9 [&hellip;]<\/p>\n","protected":false},"author":3,"featured_media":0,"parent":0,"menu_order":1,"comment_status":"closed","ping_status":"closed","template":"","meta":{"_themeisle_gutenberg_block_has_review":false,"footnotes":""},"class_list":["post-64","page","type-page","status-publish","hentry"],"yoast_head":"<!-- This site is optimized with the Yoast SEO plugin v26.3 - https:\/\/yoast.com\/wordpress\/plugins\/seo\/ -->\n<title>SERVICES -<\/title>\n<meta name=\"robots\" content=\"index, follow, max-snippet:-1, max-image-preview:large, max-video-preview:-1\" \/>\n<link rel=\"canonical\" href=\"https:\/\/pot-en-ciel.eu\/index.php\/nos-services\/\" \/>\n<meta property=\"og:locale\" content=\"fr_FR\" \/>\n<meta property=\"og:type\" content=\"article\" \/>\n<meta property=\"og:title\" content=\"SERVICES -\" \/>\n<meta property=\"og:description\" content=\"Ateliers Coh\u00e9sion\/Team Building Nous accompagnons vos \u00e9quipes \u00e0 d\u00e9passer les obstacles, \u00e0 se reconnecter \u00e0 leur \u00e9nergie interne et leur motivation pour cr\u00e9er un environnement de travail \u00e9panouissant. Ateliers cr\u00e9atifs et bien-\u00eatre Nos ateliers ludiques utilisent la cr\u00e9ativit\u00e9 pour d\u00e9velopper l&rsquo;intelligence \u00e9motionnelle, la confiance en soi, la coh\u00e9sion d&rsquo;\u00e9quipe et r\u00e9duire le stress. Coaching personnalis\u00e9 [&hellip;]\" \/>\n<meta property=\"og:url\" content=\"https:\/\/pot-en-ciel.eu\/index.php\/nos-services\/\" \/>\n<meta property=\"article:publisher\" content=\"https:\/\/www.facebook.com\/pot.enciel.338#\" \/>\n<meta property=\"article:modified_time\" content=\"2025-11-17T17:46:04+00:00\" \/>\n<meta name=\"twitter:card\" content=\"summary_large_image\" \/>\n<meta name=\"twitter:label1\" content=\"Dur\u00e9e de lecture estim\u00e9e\" \/>\n\t<meta name=\"twitter:data1\" content=\"1 minute\" \/>\n<script type=\"application\/ld+json\" class=\"yoast-schema-graph\">{\"@context\":\"https:\/\/schema.org\",\"@graph\":[{\"@type\":\"WebPage\",\"@id\":\"https:\/\/pot-en-ciel.eu\/index.php\/nos-services\/\",\"url\":\"https:\/\/pot-en-ciel.eu\/index.php\/nos-services\/\",\"name\":\"SERVICES -\",\"isPartOf\":{\"@id\":\"https:\/\/pot-en-ciel.eu\/#website\"},\"datePublished\":\"2025-04-07T20:11:49+00:00\",\"dateModified\":\"2025-11-17T17:46:04+00:00\",\"breadcrumb\":{\"@id\":\"https:\/\/pot-en-ciel.eu\/index.php\/nos-services\/#breadcrumb\"},\"inLanguage\":\"fr-FR\",\"potentialAction\":[{\"@type\":\"ReadAction\",\"target\":[\"https:\/\/pot-en-ciel.eu\/index.php\/nos-services\/\"]}]},{\"@type\":\"BreadcrumbList\",\"@id\":\"https:\/\/pot-en-ciel.eu\/index.php\/nos-services\/#breadcrumb\",\"itemListElement\":[{\"@type\":\"ListItem\",\"position\":1,\"name\":\"Accueil\",\"item\":\"https:\/\/pot-en-ciel.eu\/\"},{\"@type\":\"ListItem\",\"position\":2,\"name\":\"SERVICES\"}]},{\"@type\":\"WebSite\",\"@id\":\"https:\/\/pot-en-ciel.eu\/#website\",\"url\":\"https:\/\/pot-en-ciel.eu\/\",\"name\":\"Pot-en-ciel\",\"description\":\"Lib\u00e9rez Votre Potentiel\",\"publisher\":{\"@id\":\"https:\/\/pot-en-ciel.eu\/#organization\"},\"potentialAction\":[{\"@type\":\"SearchAction\",\"target\":{\"@type\":\"EntryPoint\",\"urlTemplate\":\"https:\/\/pot-en-ciel.eu\/?s={search_term_string}\"},\"query-input\":{\"@type\":\"PropertyValueSpecification\",\"valueRequired\":true,\"valueName\":\"search_term_string\"}}],\"inLanguage\":\"fr-FR\"},{\"@type\":\"Organization\",\"@id\":\"https:\/\/pot-en-ciel.eu\/#organization\",\"name\":\"Pot-en-ciel\",\"url\":\"https:\/\/pot-en-ciel.eu\/\",\"logo\":{\"@type\":\"ImageObject\",\"inLanguage\":\"fr-FR\",\"@id\":\"https:\/\/pot-en-ciel.eu\/#\/schema\/logo\/image\/\",\"url\":\"https:\/\/pot-en-ciel.eu\/wp-content\/uploads\/2025\/04\/cropped-cropped-Potenciel1_2_3_4.jpeg\",\"contentUrl\":\"https:\/\/pot-en-ciel.eu\/wp-content\/uploads\/2025\/04\/cropped-cropped-Potenciel1_2_3_4.jpeg\",\"width\":240,\"height\":115,\"caption\":\"Pot-en-ciel\"},\"image\":{\"@id\":\"https:\/\/pot-en-ciel.eu\/#\/schema\/logo\/image\/\"},\"sameAs\":[\"https:\/\/www.facebook.com\/pot.enciel.338#\",\"https:\/\/www.linkedin.com\/company\/pot-en-ciel-association\/\"]}]}<\/script>\n<!-- \/ Yoast SEO plugin. -->","yoast_head_json":{"title":"SERVICES -","robots":{"index":"index","follow":"follow","max-snippet":"max-snippet:-1","max-image-preview":"max-image-preview:large","max-video-preview":"max-video-preview:-1"},"canonical":"https:\/\/pot-en-ciel.eu\/index.php\/nos-services\/","og_locale":"fr_FR","og_type":"article","og_title":"SERVICES -","og_description":"Ateliers Coh\u00e9sion\/Team Building Nous accompagnons vos \u00e9quipes \u00e0 d\u00e9passer les obstacles, \u00e0 se reconnecter \u00e0 leur \u00e9nergie interne et leur motivation pour cr\u00e9er un environnement de travail \u00e9panouissant. Ateliers cr\u00e9atifs et bien-\u00eatre Nos ateliers ludiques utilisent la cr\u00e9ativit\u00e9 pour d\u00e9velopper l&rsquo;intelligence \u00e9motionnelle, la confiance en soi, la coh\u00e9sion d&rsquo;\u00e9quipe et r\u00e9duire le stress. Coaching personnalis\u00e9 [&hellip;]","og_url":"https:\/\/pot-en-ciel.eu\/index.php\/nos-services\/","article_publisher":"https:\/\/www.facebook.com\/pot.enciel.338#","article_modified_time":"2025-11-17T17:46:04+00:00","twitter_card":"summary_large_image","twitter_misc":{"Dur\u00e9e de lecture estim\u00e9e":"1 minute"},"schema":{"@context":"https:\/\/schema.org","@graph":[{"@type":"WebPage","@id":"https:\/\/pot-en-ciel.eu\/index.php\/nos-services\/","url":"https:\/\/pot-en-ciel.eu\/index.php\/nos-services\/","name":"SERVICES -","isPartOf":{"@id":"https:\/\/pot-en-ciel.eu\/#website"},"datePublished":"2025-04-07T20:11:49+00:00","dateModified":"2025-11-17T17:46:04+00:00","breadcrumb":{"@id":"https:\/\/pot-en-ciel.eu\/index.php\/nos-services\/#breadcrumb"},"inLanguage":"fr-FR","potentialAction":[{"@type":"ReadAction","target":["https:\/\/pot-en-ciel.eu\/index.php\/nos-services\/"]}]},{"@type":"BreadcrumbList","@id":"https:\/\/pot-en-ciel.eu\/index.php\/nos-services\/#breadcrumb","itemListElement":[{"@type":"ListItem","position":1,"name":"Accueil","item":"https:\/\/pot-en-ciel.eu\/"},{"@type":"ListItem","position":2,"name":"SERVICES"}]},{"@type":"WebSite","@id":"https:\/\/pot-en-ciel.eu\/#website","url":"https:\/\/pot-en-ciel.eu\/","name":"Pot-en-ciel","description":"Lib\u00e9rez Votre Potentiel","publisher":{"@id":"https:\/\/pot-en-ciel.eu\/#organization"},"potentialAction":[{"@type":"SearchAction","target":{"@type":"EntryPoint","urlTemplate":"https:\/\/pot-en-ciel.eu\/?s={search_term_string}"},"query-input":{"@type":"PropertyValueSpecification","valueRequired":true,"valueName":"search_term_string"}}],"inLanguage":"fr-FR"},{"@type":"Organization","@id":"https:\/\/pot-en-ciel.eu\/#organization","name":"Pot-en-ciel","url":"https:\/\/pot-en-ciel.eu\/","logo":{"@type":"ImageObject","inLanguage":"fr-FR","@id":"https:\/\/pot-en-ciel.eu\/#\/schema\/logo\/image\/","url":"https:\/\/pot-en-ciel.eu\/wp-content\/uploads\/2025\/04\/cropped-cropped-Potenciel1_2_3_4.jpeg","contentUrl":"https:\/\/pot-en-ciel.eu\/wp-content\/uploads\/2025\/04\/cropped-cropped-Potenciel1_2_3_4.jpeg","width":240,"height":115,"caption":"Pot-en-ciel"},"image":{"@id":"https:\/\/pot-en-ciel.eu\/#\/schema\/logo\/image\/"},"sameAs":["https:\/\/www.facebook.com\/pot.enciel.338#","https:\/\/www.linkedin.com\/company\/pot-en-ciel-association\/"]}]}},"_links":{"self":[{"href":"https:\/\/pot-en-ciel.eu\/index.php\/wp-json\/wp\/v2\/pages\/64","targetHints":{"allow":["GET"]}}],"collection":[{"href":"https:\/\/pot-en-ciel.eu\/index.php\/wp-json\/wp\/v2\/pages"}],"about":[{"href":"https:\/\/pot-en-ciel.eu\/index.php\/wp-json\/wp\/v2\/types\/page"}],"author":[{"embeddable":true,"href":"https:\/\/pot-en-ciel.eu\/index.php\/wp-json\/wp\/v2\/users\/3"}],"replies":[{"embeddable":true,"href":"https:\/\/pot-en-ciel.eu\/index.php\/wp-json\/wp\/v2\/comments?post=64"}],"version-history":[{"count":17,"href":"https:\/\/pot-en-ciel.eu\/index.php\/wp-json\/wp\/v2\/pages\/64\/revisions"}],"predecessor-version":[{"id":652,"href":"https:\/\/pot-en-ciel.eu\/index.php\/wp-json\/wp\/v2\/pages\/64\/revisions\/652"}],"wp:attachment":[{"href":"https:\/\/pot-en-ciel.eu\/index.php\/wp-json\/wp\/v2\/media?parent=64"}],"curies":[{"name":"wp","href":"https:\/\/api.w.org\/{rel}","templated":true}]}}