{"id":69,"date":"2025-04-07T22:13:12","date_gmt":"2025-04-07T20:13:12","guid":{"rendered":"https:\/\/pot-en-ciel.eu\/?page_id=69"},"modified":"2025-04-16T20:58:54","modified_gmt":"2025-04-16T18:58:54","slug":"ateliers-cohesion-team-building","status":"publish","type":"page","link":"https:\/\/pot-en-ciel.eu\/index.php\/nos-services\/ateliers-cohesion-team-building\/","title":{"rendered":"Ateliers Coh\u00e9sion\/Team Building"},"content":{"rendered":"\n<section style=\"display: flex; flex-wrap: wrap; align-items: center; justify-content: center; padding: 50px 0; background-color: #f9f9fc;\">\n  <!-- Colonne Texte -->\n  <div style=\"flex: 1; min-width: 300px; max-width: 600px; padding: 20px;\">\n    <div style=\"background-color: #e6d9f7; padding: 30px; border-radius: 10px; font-size: 18px; line-height: 1.6; color: #2d2d2d;\">\n      <p>\n        Nous accompagnons vos \u00e9quipes \u00e0 d\u00e9passer les obstacles, \u00e0 se reconnecter \u00e0 leur \u00e9nergie interne et leur motivation pour cr\u00e9er un environnement de travail \u00e9panouissant.\n      <\/p>\n    <\/div>\n  <\/div>\n\n  <!-- Colonne Image -->\n  <div style=\"flex: 1; min-width: 300px; max-width: 600px; padding: 20px; text-align: center;\">\n    <img decoding=\"async\" src=\"https:\/\/pot-en-ciel.eu\/wp-content\/uploads\/2025\/04\/teambuilding.jpeg?st=2024-04-16T12%3A00%3A00Z&#038;se=2025-04-16T12%3A00%3A00Z&#038;sp=r&#038;sv=2021-08-06&#038;sr=b&#038;rscd=inline&#038;rsct=image\/png&#038;sig=wH1n%2B%2FrZywb4IgOeBRzk3f7ukgEVAOGonTGHD3%2FnKMA%3D\" alt=\"Atelier team building cr\u00e9atif\" style=\"width: 100%; height: auto; border-radius: 10px; box-shadow: 0 10px 20px rgba(0,0,0,0.1);\">\n  <\/div>\n<\/section>\n\n","protected":false},"excerpt":{"rendered":"<p>Nous accompagnons vos \u00e9quipes \u00e0 d\u00e9passer les obstacles, \u00e0 se reconnecter \u00e0 leur \u00e9nergie interne et leur motivation pour cr\u00e9er un environnement de travail \u00e9panouissant.<\/p>\n","protected":false},"author":3,"featured_media":0,"parent":64,"menu_order":0,"comment_status":"closed","ping_status":"closed","template":"","meta":{"_themeisle_gutenberg_block_has_review":false,"footnotes":""},"class_list":["post-69","page","type-page","status-publish","hentry"],"yoast_head":"<!-- This site is optimized with the Yoast SEO plugin v26.3 - https:\/\/yoast.com\/wordpress\/plugins\/seo\/ -->\n<title>Ateliers Coh\u00e9sion\/Team Building -<\/title>\n<meta name=\"robots\" content=\"index, follow, max-snippet:-1, max-image-preview:large, max-video-preview:-1\" \/>\n<link rel=\"canonical\" href=\"https:\/\/pot-en-ciel.eu\/index.php\/nos-services\/ateliers-cohesion-team-building\/\" \/>\n<meta property=\"og:locale\" content=\"fr_FR\" \/>\n<meta property=\"og:type\" content=\"article\" \/>\n<meta property=\"og:title\" content=\"Ateliers Coh\u00e9sion\/Team Building -\" \/>\n<meta property=\"og:description\" content=\"Nous accompagnons vos \u00e9quipes \u00e0 d\u00e9passer les obstacles, \u00e0 se reconnecter \u00e0 leur \u00e9nergie interne et leur motivation pour cr\u00e9er un environnement de travail \u00e9panouissant.\" \/>\n<meta property=\"og:url\" content=\"https:\/\/pot-en-ciel.eu\/index.php\/nos-services\/ateliers-cohesion-team-building\/\" \/>\n<meta property=\"article:publisher\" content=\"https:\/\/www.facebook.com\/pot.enciel.338#\" \/>\n<meta property=\"article:modified_time\" content=\"2025-04-16T18:58:54+00:00\" \/>\n<meta property=\"og:image\" content=\"https:\/\/pot-en-ciel.eu\/wp-content\/uploads\/2025\/04\/teambuilding.jpeg?st=2024-04-16T12%3A00%3A00Z&se=2025-04-16T12%3A00%3A00Z&sp=r&sv=2021-08-06&sr=b&rscd=inline&rsct=image\/png&sig=wH1n%2B%2FrZywb4IgOeBRzk3f7ukgEVAOGonTGHD3%2FnKMA%3D\" \/>\n<meta name=\"twitter:card\" content=\"summary_large_image\" \/>\n<script type=\"application\/ld+json\" class=\"yoast-schema-graph\">{\"@context\":\"https:\/\/schema.org\",\"@graph\":[{\"@type\":\"WebPage\",\"@id\":\"https:\/\/pot-en-ciel.eu\/index.php\/nos-services\/ateliers-cohesion-team-building\/\",\"url\":\"https:\/\/pot-en-ciel.eu\/index.php\/nos-services\/ateliers-cohesion-team-building\/\",\"name\":\"Ateliers Coh\u00e9sion\/Team Building -\",\"isPartOf\":{\"@id\":\"https:\/\/pot-en-ciel.eu\/#website\"},\"primaryImageOfPage\":{\"@id\":\"https:\/\/pot-en-ciel.eu\/index.php\/nos-services\/ateliers-cohesion-team-building\/#primaryimage\"},\"image\":{\"@id\":\"https:\/\/pot-en-ciel.eu\/index.php\/nos-services\/ateliers-cohesion-team-building\/#primaryimage\"},\"thumbnailUrl\":\"https:\/\/pot-en-ciel.eu\/wp-content\/uploads\/2025\/04\/teambuilding.jpeg?st=2024-04-16T12%3A00%3A00Z&se=2025-04-16T12%3A00%3A00Z&sp=r&sv=2021-08-06&sr=b&rscd=inline&rsct=image\/png&sig=wH1n%2B%2FrZywb4IgOeBRzk3f7ukgEVAOGonTGHD3%2FnKMA%3D\",\"datePublished\":\"2025-04-07T20:13:12+00:00\",\"dateModified\":\"2025-04-16T18:58:54+00:00\",\"breadcrumb\":{\"@id\":\"https:\/\/pot-en-ciel.eu\/index.php\/nos-services\/ateliers-cohesion-team-building\/#breadcrumb\"},\"inLanguage\":\"fr-FR\",\"potentialAction\":[{\"@type\":\"ReadAction\",\"target\":[\"https:\/\/pot-en-ciel.eu\/index.php\/nos-services\/ateliers-cohesion-team-building\/\"]}]},{\"@type\":\"ImageObject\",\"inLanguage\":\"fr-FR\",\"@id\":\"https:\/\/pot-en-ciel.eu\/index.php\/nos-services\/ateliers-cohesion-team-building\/#primaryimage\",\"url\":\"https:\/\/pot-en-ciel.eu\/wp-content\/uploads\/2025\/04\/teambuilding.jpeg?st=2024-04-16T12%3A00%3A00Z&se=2025-04-16T12%3A00%3A00Z&sp=r&sv=2021-08-06&sr=b&rscd=inline&rsct=image\/png&sig=wH1n%2B%2FrZywb4IgOeBRzk3f7ukgEVAOGonTGHD3%2FnKMA%3D\",\"contentUrl\":\"https:\/\/pot-en-ciel.eu\/wp-content\/uploads\/2025\/04\/teambuilding.jpeg?st=2024-04-16T12%3A00%3A00Z&se=2025-04-16T12%3A00%3A00Z&sp=r&sv=2021-08-06&sr=b&rscd=inline&rsct=image\/png&sig=wH1n%2B%2FrZywb4IgOeBRzk3f7ukgEVAOGonTGHD3%2FnKMA%3D\"},{\"@type\":\"BreadcrumbList\",\"@id\":\"https:\/\/pot-en-ciel.eu\/index.php\/nos-services\/ateliers-cohesion-team-building\/#breadcrumb\",\"itemListElement\":[{\"@type\":\"ListItem\",\"position\":1,\"name\":\"Accueil\",\"item\":\"https:\/\/pot-en-ciel.eu\/\"},{\"@type\":\"ListItem\",\"position\":2,\"name\":\"SERVICES\",\"item\":\"https:\/\/pot-en-ciel.eu\/index.php\/nos-services\/\"},{\"@type\":\"ListItem\",\"position\":3,\"name\":\"Ateliers Coh\u00e9sion\/Team Building\"}]},{\"@type\":\"WebSite\",\"@id\":\"https:\/\/pot-en-ciel.eu\/#website\",\"url\":\"https:\/\/pot-en-ciel.eu\/\",\"name\":\"Pot-en-ciel\",\"description\":\"Lib\u00e9rez Votre Potentiel\",\"publisher\":{\"@id\":\"https:\/\/pot-en-ciel.eu\/#organization\"},\"potentialAction\":[{\"@type\":\"SearchAction\",\"target\":{\"@type\":\"EntryPoint\",\"urlTemplate\":\"https:\/\/pot-en-ciel.eu\/?s={search_term_string}\"},\"query-input\":{\"@type\":\"PropertyValueSpecification\",\"valueRequired\":true,\"valueName\":\"search_term_string\"}}],\"inLanguage\":\"fr-FR\"},{\"@type\":\"Organization\",\"@id\":\"https:\/\/pot-en-ciel.eu\/#organization\",\"name\":\"Pot-en-ciel\",\"url\":\"https:\/\/pot-en-ciel.eu\/\",\"logo\":{\"@type\":\"ImageObject\",\"inLanguage\":\"fr-FR\",\"@id\":\"https:\/\/pot-en-ciel.eu\/#\/schema\/logo\/image\/\",\"url\":\"https:\/\/pot-en-ciel.eu\/wp-content\/uploads\/2025\/04\/cropped-cropped-Potenciel1_2_3_4.jpeg\",\"contentUrl\":\"https:\/\/pot-en-ciel.eu\/wp-content\/uploads\/2025\/04\/cropped-cropped-Potenciel1_2_3_4.jpeg\",\"width\":240,\"height\":115,\"caption\":\"Pot-en-ciel\"},\"image\":{\"@id\":\"https:\/\/pot-en-ciel.eu\/#\/schema\/logo\/image\/\"},\"sameAs\":[\"https:\/\/www.facebook.com\/pot.enciel.338#\",\"https:\/\/www.linkedin.com\/company\/pot-en-ciel-association\/\"]}]}<\/script>\n<!-- \/ Yoast SEO plugin. -->","yoast_head_json":{"title":"Ateliers Coh\u00e9sion\/Team Building -","robots":{"index":"index","follow":"follow","max-snippet":"max-snippet:-1","max-image-preview":"max-image-preview:large","max-video-preview":"max-video-preview:-1"},"canonical":"https:\/\/pot-en-ciel.eu\/index.php\/nos-services\/ateliers-cohesion-team-building\/","og_locale":"fr_FR","og_type":"article","og_title":"Ateliers Coh\u00e9sion\/Team Building -","og_description":"Nous accompagnons vos \u00e9quipes \u00e0 d\u00e9passer les obstacles, \u00e0 se reconnecter \u00e0 leur \u00e9nergie interne et leur motivation pour cr\u00e9er un environnement de travail \u00e9panouissant.","og_url":"https:\/\/pot-en-ciel.eu\/index.php\/nos-services\/ateliers-cohesion-team-building\/","article_publisher":"https:\/\/www.facebook.com\/pot.enciel.338#","article_modified_time":"2025-04-16T18:58:54+00:00","og_image":[{"url":"https:\/\/pot-en-ciel.eu\/wp-content\/uploads\/2025\/04\/teambuilding.jpeg?st=2024-04-16T12%3A00%3A00Z&se=2025-04-16T12%3A00%3A00Z&sp=r&sv=2021-08-06&sr=b&rscd=inline&rsct=image\/png&sig=wH1n%2B%2FrZywb4IgOeBRzk3f7ukgEVAOGonTGHD3%2FnKMA%3D","type":"","width":"","height":""}],"twitter_card":"summary_large_image","schema":{"@context":"https:\/\/schema.org","@graph":[{"@type":"WebPage","@id":"https:\/\/pot-en-ciel.eu\/index.php\/nos-services\/ateliers-cohesion-team-building\/","url":"https:\/\/pot-en-ciel.eu\/index.php\/nos-services\/ateliers-cohesion-team-building\/","name":"Ateliers Coh\u00e9sion\/Team Building -","isPartOf":{"@id":"https:\/\/pot-en-ciel.eu\/#website"},"primaryImageOfPage":{"@id":"https:\/\/pot-en-ciel.eu\/index.php\/nos-services\/ateliers-cohesion-team-building\/#primaryimage"},"image":{"@id":"https:\/\/pot-en-ciel.eu\/index.php\/nos-services\/ateliers-cohesion-team-building\/#primaryimage"},"thumbnailUrl":"https:\/\/pot-en-ciel.eu\/wp-content\/uploads\/2025\/04\/teambuilding.jpeg?st=2024-04-16T12%3A00%3A00Z&se=2025-04-16T12%3A00%3A00Z&sp=r&sv=2021-08-06&sr=b&rscd=inline&rsct=image\/png&sig=wH1n%2B%2FrZywb4IgOeBRzk3f7ukgEVAOGonTGHD3%2FnKMA%3D","datePublished":"2025-04-07T20:13:12+00:00","dateModified":"2025-04-16T18:58:54+00:00","breadcrumb":{"@id":"https:\/\/pot-en-ciel.eu\/index.php\/nos-services\/ateliers-cohesion-team-building\/#breadcrumb"},"inLanguage":"fr-FR","potentialAction":[{"@type":"ReadAction","target":["https:\/\/pot-en-ciel.eu\/index.php\/nos-services\/ateliers-cohesion-team-building\/"]}]},{"@type":"ImageObject","inLanguage":"fr-FR","@id":"https:\/\/pot-en-ciel.eu\/index.php\/nos-services\/ateliers-cohesion-team-building\/#primaryimage","url":"https:\/\/pot-en-ciel.eu\/wp-content\/uploads\/2025\/04\/teambuilding.jpeg?st=2024-04-16T12%3A00%3A00Z&se=2025-04-16T12%3A00%3A00Z&sp=r&sv=2021-08-06&sr=b&rscd=inline&rsct=image\/png&sig=wH1n%2B%2FrZywb4IgOeBRzk3f7ukgEVAOGonTGHD3%2FnKMA%3D","contentUrl":"https:\/\/pot-en-ciel.eu\/wp-content\/uploads\/2025\/04\/teambuilding.jpeg?st=2024-04-16T12%3A00%3A00Z&se=2025-04-16T12%3A00%3A00Z&sp=r&sv=2021-08-06&sr=b&rscd=inline&rsct=image\/png&sig=wH1n%2B%2FrZywb4IgOeBRzk3f7ukgEVAOGonTGHD3%2FnKMA%3D"},{"@type":"BreadcrumbList","@id":"https:\/\/pot-en-ciel.eu\/index.php\/nos-services\/ateliers-cohesion-team-building\/#breadcrumb","itemListElement":[{"@type":"ListItem","position":1,"name":"Accueil","item":"https:\/\/pot-en-ciel.eu\/"},{"@type":"ListItem","position":2,"name":"SERVICES","item":"https:\/\/pot-en-ciel.eu\/index.php\/nos-services\/"},{"@type":"ListItem","position":3,"name":"Ateliers Coh\u00e9sion\/Team Building"}]},{"@type":"WebSite","@id":"https:\/\/pot-en-ciel.eu\/#website","url":"https:\/\/pot-en-ciel.eu\/","name":"Pot-en-ciel","description":"Lib\u00e9rez Votre Potentiel","publisher":{"@id":"https:\/\/pot-en-ciel.eu\/#organization"},"potentialAction":[{"@type":"SearchAction","target":{"@type":"EntryPoint","urlTemplate":"https:\/\/pot-en-ciel.eu\/?s={search_term_string}"},"query-input":{"@type":"PropertyValueSpecification","valueRequired":true,"valueName":"search_term_string"}}],"inLanguage":"fr-FR"},{"@type":"Organization","@id":"https:\/\/pot-en-ciel.eu\/#organization","name":"Pot-en-ciel","url":"https:\/\/pot-en-ciel.eu\/","logo":{"@type":"ImageObject","inLanguage":"fr-FR","@id":"https:\/\/pot-en-ciel.eu\/#\/schema\/logo\/image\/","url":"https:\/\/pot-en-ciel.eu\/wp-content\/uploads\/2025\/04\/cropped-cropped-Potenciel1_2_3_4.jpeg","contentUrl":"https:\/\/pot-en-ciel.eu\/wp-content\/uploads\/2025\/04\/cropped-cropped-Potenciel1_2_3_4.jpeg","width":240,"height":115,"caption":"Pot-en-ciel"},"image":{"@id":"https:\/\/pot-en-ciel.eu\/#\/schema\/logo\/image\/"},"sameAs":["https:\/\/www.facebook.com\/pot.enciel.338#","https:\/\/www.linkedin.com\/company\/pot-en-ciel-association\/"]}]}},"_links":{"self":[{"href":"https:\/\/pot-en-ciel.eu\/index.php\/wp-json\/wp\/v2\/pages\/69","targetHints":{"allow":["GET"]}}],"collection":[{"href":"https:\/\/pot-en-ciel.eu\/index.php\/wp-json\/wp\/v2\/pages"}],"about":[{"href":"https:\/\/pot-en-ciel.eu\/index.php\/wp-json\/wp\/v2\/types\/page"}],"author":[{"embeddable":true,"href":"https:\/\/pot-en-ciel.eu\/index.php\/wp-json\/wp\/v2\/users\/3"}],"replies":[{"embeddable":true,"href":"https:\/\/pot-en-ciel.eu\/index.php\/wp-json\/wp\/v2\/comments?post=69"}],"version-history":[{"count":9,"href":"https:\/\/pot-en-ciel.eu\/index.php\/wp-json\/wp\/v2\/pages\/69\/revisions"}],"predecessor-version":[{"id":303,"href":"https:\/\/pot-en-ciel.eu\/index.php\/wp-json\/wp\/v2\/pages\/69\/revisions\/303"}],"up":[{"embeddable":true,"href":"https:\/\/pot-en-ciel.eu\/index.php\/wp-json\/wp\/v2\/pages\/64"}],"wp:attachment":[{"href":"https:\/\/pot-en-ciel.eu\/index.php\/wp-json\/wp\/v2\/media?parent=69"}],"curies":[{"name":"wp","href":"https:\/\/api.w.org\/{rel}","templated":true}]}}